{"id":49,"date":"2019-04-01T15:54:11","date_gmt":"2019-04-01T13:54:11","guid":{"rendered":"http:\/\/scs-structures.com\/sostenibilidad\/"},"modified":"2019-05-10T09:46:42","modified_gmt":"2019-05-10T07:46:42","slug":"durabilite","status":"publish","type":"page","link":"https:\/\/scs-structures.com\/fr\/durabilite\/","title":{"rendered":"Durabilit\u00e9"},"content":{"rendered":"<p>Base du travail de SCS, l&rsquo;acier repr\u00e9sente ind\u00e9niablement l&rsquo;id\u00e9e selon laquelle la durabilit\u00e9 doit faire partie de toutes nos activit\u00e9s et de tous nos projets. L&rsquo;acier est un mat\u00e9riau issu \u00e0 99 % du recyclage et constitue un exemple plus qu&rsquo;\u00e9vident d&rsquo;\u00e9conomie circulaire.<\/p>\n<p>Chez SCS, nous \u0153uvrons, d&rsquo;une part, pour le recyclage de ce mat\u00e9riau et, d&rsquo;autre part, pour en favoriser la r\u00e9utilisation. Nous concevons des structures en faisant le plus possible appel \u00e0 des assemblages et raccords viss\u00e9s, ce qui permet de favoriser la r\u00e9utilisation ou le recyclage ult\u00e9rieur. En utilisant l&rsquo;acier comme mati\u00e8re principale de nos projets (ce n&rsquo;est toutefois pas la seule), nous contribuons \u00e0 l&rsquo;\u00e9tablissement d&rsquo;un mod\u00e8le de construction plus durable et plus respectueux de l&rsquo;environnement.<\/p>\n<p>Un exemple parlant de l&rsquo;int\u00e9gration des concepts de durabilit\u00e9 dans notre fa\u00e7on de travailler n&rsquo;est autre que l&rsquo;adoption, en tant que m\u00e9thodologie de travail et d&rsquo;am\u00e9lioration, de la norme ISO 14001 ou encore la participation \u00e0 de nombreux projets exigeant le respect des standards LEED ou BREAM les plus \u00e9lev\u00e9s.<\/p>\n","protected":false},"excerpt":{"rendered":"<p>Base du travail de SCS, l&rsquo;acier repr\u00e9sente ind\u00e9niablement l&rsquo;id\u00e9e selon laquelle la durabilit\u00e9 doit faire partie de toutes nos activit\u00e9s et de tous nos projets. L&rsquo;acier est un mat\u00e9riau issu \u00e0 99 % du recyclage et constitue un exemple plus qu&rsquo;\u00e9vident d&rsquo;\u00e9conomie circulaire. Chez SCS, nous \u0153uvrons, d&rsquo;une part, pour le recyclage de ce mat\u00e9riau [&hellip;]<\/p>\n","protected":false},"author":1,"featured_media":856,"parent":0,"menu_order":5,"comment_status":"closed","ping_status":"closed","template":"","meta":{"_acf_changed":false,"footnotes":""},"class_list":["post-49","page","type-page","status-publish","has-post-thumbnail","hentry"],"acf":[],"yoast_head":"<!-- This site is optimized with the Yoast SEO plugin v26.6 - https:\/\/yoast.com\/wordpress\/plugins\/seo\/ -->\n<title>Durabilit\u00e9 | Culler\u00e9 Sala Structures<\/title>\n<meta name=\"robots\" content=\"index, follow, max-snippet:-1, max-image-preview:large, max-video-preview:-1\" \/>\n<link rel=\"canonical\" href=\"https:\/\/scs-structures.com\/fr\/durabilite\/\" \/>\n<meta property=\"og:locale\" content=\"fr_FR\" \/>\n<meta property=\"og:type\" content=\"article\" \/>\n<meta property=\"og:title\" content=\"Durabilit\u00e9 | Culler\u00e9 Sala Structures\" \/>\n<meta property=\"og:description\" content=\"Base du travail de SCS, l&rsquo;acier repr\u00e9sente ind\u00e9niablement l&rsquo;id\u00e9e selon laquelle la durabilit\u00e9 doit faire partie de toutes nos activit\u00e9s et de tous nos projets. L&rsquo;acier est un mat\u00e9riau issu \u00e0 99 % du recyclage et constitue un exemple plus qu&rsquo;\u00e9vident d&rsquo;\u00e9conomie circulaire. Chez SCS, nous \u0153uvrons, d&rsquo;une part, pour le recyclage de ce mat\u00e9riau [&hellip;]\" \/>\n<meta property=\"og:url\" content=\"https:\/\/scs-structures.com\/fr\/durabilite\/\" \/>\n<meta property=\"og:site_name\" content=\"Culler\u00e9 Sala Structures\" \/>\n<meta property=\"article:publisher\" content=\"https:\/\/www.facebook.com\/culleresala\" \/>\n<meta property=\"article:modified_time\" content=\"2019-05-10T07:46:42+00:00\" \/>\n<meta property=\"og:image\" content=\"https:\/\/scs-structures.com\/wp-content\/uploads\/2019\/04\/SOSTENIBILITAT-destacada.jpg\" \/>\n\t<meta property=\"og:image:width\" content=\"1700\" \/>\n\t<meta property=\"og:image:height\" content=\"1700\" \/>\n\t<meta property=\"og:image:type\" content=\"image\/jpeg\" \/>\n<meta name=\"twitter:card\" content=\"summary_large_image\" \/>\n<meta name=\"twitter:site\" content=\"@CullereSala\" \/>\n<meta name=\"twitter:label1\" content=\"Dur\u00e9e de lecture estim\u00e9e\" \/>\n\t<meta name=\"twitter:data1\" content=\"1 minute\" \/>\n<script type=\"application\/ld+json\" class=\"yoast-schema-graph\">{\"@context\":\"https:\/\/schema.org\",\"@graph\":[{\"@type\":\"WebPage\",\"@id\":\"https:\/\/scs-structures.com\/fr\/durabilite\/\",\"url\":\"https:\/\/scs-structures.com\/fr\/durabilite\/\",\"name\":\"Durabilit\u00e9 | Culler\u00e9 Sala Structures\",\"isPartOf\":{\"@id\":\"http:\/\/scs-structures.com\/fr\/#website\"},\"primaryImageOfPage\":{\"@id\":\"https:\/\/scs-structures.com\/fr\/durabilite\/#primaryimage\"},\"image\":{\"@id\":\"https:\/\/scs-structures.com\/fr\/durabilite\/#primaryimage\"},\"thumbnailUrl\":\"https:\/\/scs-structures.com\/wp-content\/uploads\/2019\/04\/SOSTENIBILITAT-destacada.jpg\",\"datePublished\":\"2019-04-01T13:54:11+00:00\",\"dateModified\":\"2019-05-10T07:46:42+00:00\",\"breadcrumb\":{\"@id\":\"https:\/\/scs-structures.com\/fr\/durabilite\/#breadcrumb\"},\"inLanguage\":\"fr-FR\",\"potentialAction\":[{\"@type\":\"ReadAction\",\"target\":[\"https:\/\/scs-structures.com\/fr\/durabilite\/\"]}]},{\"@type\":\"ImageObject\",\"inLanguage\":\"fr-FR\",\"@id\":\"https:\/\/scs-structures.com\/fr\/durabilite\/#primaryimage\",\"url\":\"https:\/\/scs-structures.com\/wp-content\/uploads\/2019\/04\/SOSTENIBILITAT-destacada.jpg\",\"contentUrl\":\"https:\/\/scs-structures.com\/wp-content\/uploads\/2019\/04\/SOSTENIBILITAT-destacada.jpg\",\"width\":1700,\"height\":1700},{\"@type\":\"BreadcrumbList\",\"@id\":\"https:\/\/scs-structures.com\/fr\/durabilite\/#breadcrumb\",\"itemListElement\":[{\"@type\":\"ListItem\",\"position\":1,\"name\":\"Portada\",\"item\":\"http:\/\/scs-structures.com\/fr\/\"},{\"@type\":\"ListItem\",\"position\":2,\"name\":\"Durabilit\u00e9\"}]},{\"@type\":\"WebSite\",\"@id\":\"http:\/\/scs-structures.com\/fr\/#website\",\"url\":\"http:\/\/scs-structures.com\/fr\/\",\"name\":\"Culler\u00e9 Sala Structures\",\"description\":\"Estructuras met\u00e1licas, Cierres met\u00e1licos, Bigas armadas\",\"potentialAction\":[{\"@type\":\"SearchAction\",\"target\":{\"@type\":\"EntryPoint\",\"urlTemplate\":\"http:\/\/scs-structures.com\/fr\/?s={search_term_string}\"},\"query-input\":{\"@type\":\"PropertyValueSpecification\",\"valueRequired\":true,\"valueName\":\"search_term_string\"}}],\"inLanguage\":\"fr-FR\"}]}<\/script>\n<!-- \/ Yoast SEO plugin. -->","yoast_head_json":{"title":"Durabilit\u00e9 | Culler\u00e9 Sala Structures","robots":{"index":"index","follow":"follow","max-snippet":"max-snippet:-1","max-image-preview":"max-image-preview:large","max-video-preview":"max-video-preview:-1"},"canonical":"https:\/\/scs-structures.com\/fr\/durabilite\/","og_locale":"fr_FR","og_type":"article","og_title":"Durabilit\u00e9 | Culler\u00e9 Sala Structures","og_description":"Base du travail de SCS, l&rsquo;acier repr\u00e9sente ind\u00e9niablement l&rsquo;id\u00e9e selon laquelle la durabilit\u00e9 doit faire partie de toutes nos activit\u00e9s et de tous nos projets. L&rsquo;acier est un mat\u00e9riau issu \u00e0 99 % du recyclage et constitue un exemple plus qu&rsquo;\u00e9vident d&rsquo;\u00e9conomie circulaire. Chez SCS, nous \u0153uvrons, d&rsquo;une part, pour le recyclage de ce mat\u00e9riau [&hellip;]","og_url":"https:\/\/scs-structures.com\/fr\/durabilite\/","og_site_name":"Culler\u00e9 Sala Structures","article_publisher":"https:\/\/www.facebook.com\/culleresala","article_modified_time":"2019-05-10T07:46:42+00:00","og_image":[{"width":1700,"height":1700,"url":"https:\/\/scs-structures.com\/wp-content\/uploads\/2019\/04\/SOSTENIBILITAT-destacada.jpg","type":"image\/jpeg"}],"twitter_card":"summary_large_image","twitter_site":"@CullereSala","twitter_misc":{"Dur\u00e9e de lecture estim\u00e9e":"1 minute"},"schema":{"@context":"https:\/\/schema.org","@graph":[{"@type":"WebPage","@id":"https:\/\/scs-structures.com\/fr\/durabilite\/","url":"https:\/\/scs-structures.com\/fr\/durabilite\/","name":"Durabilit\u00e9 | Culler\u00e9 Sala Structures","isPartOf":{"@id":"http:\/\/scs-structures.com\/fr\/#website"},"primaryImageOfPage":{"@id":"https:\/\/scs-structures.com\/fr\/durabilite\/#primaryimage"},"image":{"@id":"https:\/\/scs-structures.com\/fr\/durabilite\/#primaryimage"},"thumbnailUrl":"https:\/\/scs-structures.com\/wp-content\/uploads\/2019\/04\/SOSTENIBILITAT-destacada.jpg","datePublished":"2019-04-01T13:54:11+00:00","dateModified":"2019-05-10T07:46:42+00:00","breadcrumb":{"@id":"https:\/\/scs-structures.com\/fr\/durabilite\/#breadcrumb"},"inLanguage":"fr-FR","potentialAction":[{"@type":"ReadAction","target":["https:\/\/scs-structures.com\/fr\/durabilite\/"]}]},{"@type":"ImageObject","inLanguage":"fr-FR","@id":"https:\/\/scs-structures.com\/fr\/durabilite\/#primaryimage","url":"https:\/\/scs-structures.com\/wp-content\/uploads\/2019\/04\/SOSTENIBILITAT-destacada.jpg","contentUrl":"https:\/\/scs-structures.com\/wp-content\/uploads\/2019\/04\/SOSTENIBILITAT-destacada.jpg","width":1700,"height":1700},{"@type":"BreadcrumbList","@id":"https:\/\/scs-structures.com\/fr\/durabilite\/#breadcrumb","itemListElement":[{"@type":"ListItem","position":1,"name":"Portada","item":"http:\/\/scs-structures.com\/fr\/"},{"@type":"ListItem","position":2,"name":"Durabilit\u00e9"}]},{"@type":"WebSite","@id":"http:\/\/scs-structures.com\/fr\/#website","url":"http:\/\/scs-structures.com\/fr\/","name":"Culler\u00e9 Sala Structures","description":"Estructuras met\u00e1licas, Cierres met\u00e1licos, Bigas armadas","potentialAction":[{"@type":"SearchAction","target":{"@type":"EntryPoint","urlTemplate":"http:\/\/scs-structures.com\/fr\/?s={search_term_string}"},"query-input":{"@type":"PropertyValueSpecification","valueRequired":true,"valueName":"search_term_string"}}],"inLanguage":"fr-FR"}]}},"_links":{"self":[{"href":"https:\/\/scs-structures.com\/fr\/wp-json\/wp\/v2\/pages\/49","targetHints":{"allow":["GET"]}}],"collection":[{"href":"https:\/\/scs-structures.com\/fr\/wp-json\/wp\/v2\/pages"}],"about":[{"href":"https:\/\/scs-structures.com\/fr\/wp-json\/wp\/v2\/types\/page"}],"author":[{"embeddable":true,"href":"https:\/\/scs-structures.com\/fr\/wp-json\/wp\/v2\/users\/1"}],"replies":[{"embeddable":true,"href":"https:\/\/scs-structures.com\/fr\/wp-json\/wp\/v2\/comments?post=49"}],"version-history":[{"count":4,"href":"https:\/\/scs-structures.com\/fr\/wp-json\/wp\/v2\/pages\/49\/revisions"}],"predecessor-version":[{"id":1460,"href":"https:\/\/scs-structures.com\/fr\/wp-json\/wp\/v2\/pages\/49\/revisions\/1460"}],"wp:featuredmedia":[{"embeddable":true,"href":"https:\/\/scs-structures.com\/fr\/wp-json\/wp\/v2\/media\/856"}],"wp:attachment":[{"href":"https:\/\/scs-structures.com\/fr\/wp-json\/wp\/v2\/media?parent=49"}],"curies":[{"name":"wp","href":"https:\/\/api.w.org\/{rel}","templated":true}]}}