{"id":41,"date":"2019-04-01T15:53:35","date_gmt":"2019-04-01T13:53:35","guid":{"rendered":"http:\/\/scs-structures.com\/innovacion\/"},"modified":"2019-05-10T09:43:47","modified_gmt":"2019-05-10T07:43:47","slug":"innovation","status":"publish","type":"page","link":"https:\/\/scs-structures.com\/fr\/innovation\/","title":{"rendered":"Innovation"},"content":{"rendered":"<p>L&rsquo;engagement de SCS envers l&rsquo;innovation continue s&rsquo;inscrit dans la volont\u00e9 de proposer de fa\u00e7on syst\u00e9matique les solutions les plus efficaces et les mieux adapt\u00e9es aux besoins des clients.<\/p>\n<p>Depuis de nombreuses ann\u00e9es, SCS ex\u00e9cute tous les projets qui lui sont confi\u00e9s en faisant appel \u00e0 la technologie BIM, au logiciel Tekla et aux programmes de calcul des \u00e9l\u00e9ments finis les plus avanc\u00e9s du march\u00e9, que ce soit pour le calcul g\u00e9n\u00e9ral de structures ou pour la conception et le calcul des assemblages et raccords.<\/p>\n<p>L&rsquo;entreprise SCS a toujours \u00e9t\u00e9 \u00e0 l&rsquo;avant-garde dans l&rsquo;utilisation de nouvelles solutions structurelles. L&rsquo;exp\u00e9rience acquise dans la mise en \u0153uvre d&rsquo;ouvrages embl\u00e9matiques nous a permis d&rsquo;appliquer de nombreuses solutions \u00e0 la construction industrielle, ce qui nous positionne comme de v\u00e9ritables pionniers dans l&rsquo;utilisation de structures mixtes acier-b\u00e9ton.<\/p>\n","protected":false},"excerpt":{"rendered":"<p>L&rsquo;engagement de SCS envers l&rsquo;innovation continue s&rsquo;inscrit dans la volont\u00e9 de proposer de fa\u00e7on syst\u00e9matique les solutions les plus efficaces et les mieux adapt\u00e9es aux besoins des clients. Depuis de nombreuses ann\u00e9es, SCS ex\u00e9cute tous les projets qui lui sont confi\u00e9s en faisant appel \u00e0 la technologie BIM, au logiciel Tekla et aux programmes de [&hellip;]<\/p>\n","protected":false},"author":1,"featured_media":870,"parent":0,"menu_order":4,"comment_status":"closed","ping_status":"closed","template":"","meta":{"_acf_changed":false,"footnotes":""},"class_list":["post-41","page","type-page","status-publish","has-post-thumbnail","hentry"],"acf":[],"yoast_head":"<!-- This site is optimized with the Yoast SEO plugin v26.6 - https:\/\/yoast.com\/wordpress\/plugins\/seo\/ -->\n<title>Innovation | Culler\u00e9 Sala Structures<\/title>\n<meta name=\"robots\" content=\"index, follow, max-snippet:-1, max-image-preview:large, max-video-preview:-1\" \/>\n<link rel=\"canonical\" href=\"https:\/\/scs-structures.com\/fr\/innovation\/\" \/>\n<meta property=\"og:locale\" content=\"fr_FR\" \/>\n<meta property=\"og:type\" content=\"article\" \/>\n<meta property=\"og:title\" content=\"Innovation | Culler\u00e9 Sala Structures\" \/>\n<meta property=\"og:description\" content=\"L&rsquo;engagement de SCS envers l&rsquo;innovation continue s&rsquo;inscrit dans la volont\u00e9 de proposer de fa\u00e7on syst\u00e9matique les solutions les plus efficaces et les mieux adapt\u00e9es aux besoins des clients. Depuis de nombreuses ann\u00e9es, SCS ex\u00e9cute tous les projets qui lui sont confi\u00e9s en faisant appel \u00e0 la technologie BIM, au logiciel Tekla et aux programmes de [&hellip;]\" \/>\n<meta property=\"og:url\" content=\"https:\/\/scs-structures.com\/fr\/innovation\/\" \/>\n<meta property=\"og:site_name\" content=\"Culler\u00e9 Sala Structures\" \/>\n<meta property=\"article:publisher\" content=\"https:\/\/www.facebook.com\/culleresala\" \/>\n<meta property=\"article:modified_time\" content=\"2019-05-10T07:43:47+00:00\" \/>\n<meta property=\"og:image\" content=\"https:\/\/scs-structures.com\/wp-content\/uploads\/2019\/04\/INNOVACIO-DESTACADO-1024x1024.jpg\" \/>\n\t<meta property=\"og:image:width\" content=\"1024\" \/>\n\t<meta property=\"og:image:height\" content=\"1024\" \/>\n\t<meta property=\"og:image:type\" content=\"image\/jpeg\" \/>\n<meta name=\"twitter:card\" content=\"summary_large_image\" \/>\n<meta name=\"twitter:site\" content=\"@CullereSala\" \/>\n<meta name=\"twitter:label1\" content=\"Dur\u00e9e de lecture estim\u00e9e\" \/>\n\t<meta name=\"twitter:data1\" content=\"1 minute\" \/>\n<script type=\"application\/ld+json\" class=\"yoast-schema-graph\">{\"@context\":\"https:\/\/schema.org\",\"@graph\":[{\"@type\":\"WebPage\",\"@id\":\"https:\/\/scs-structures.com\/fr\/innovation\/\",\"url\":\"https:\/\/scs-structures.com\/fr\/innovation\/\",\"name\":\"Innovation | Culler\u00e9 Sala Structures\",\"isPartOf\":{\"@id\":\"http:\/\/scs-structures.com\/fr\/#website\"},\"primaryImageOfPage\":{\"@id\":\"https:\/\/scs-structures.com\/fr\/innovation\/#primaryimage\"},\"image\":{\"@id\":\"https:\/\/scs-structures.com\/fr\/innovation\/#primaryimage\"},\"thumbnailUrl\":\"https:\/\/scs-structures.com\/wp-content\/uploads\/2019\/04\/INNOVACIO-DESTACADO.jpg\",\"datePublished\":\"2019-04-01T13:53:35+00:00\",\"dateModified\":\"2019-05-10T07:43:47+00:00\",\"breadcrumb\":{\"@id\":\"https:\/\/scs-structures.com\/fr\/innovation\/#breadcrumb\"},\"inLanguage\":\"fr-FR\",\"potentialAction\":[{\"@type\":\"ReadAction\",\"target\":[\"https:\/\/scs-structures.com\/fr\/innovation\/\"]}]},{\"@type\":\"ImageObject\",\"inLanguage\":\"fr-FR\",\"@id\":\"https:\/\/scs-structures.com\/fr\/innovation\/#primaryimage\",\"url\":\"https:\/\/scs-structures.com\/wp-content\/uploads\/2019\/04\/INNOVACIO-DESTACADO.jpg\",\"contentUrl\":\"https:\/\/scs-structures.com\/wp-content\/uploads\/2019\/04\/INNOVACIO-DESTACADO.jpg\",\"width\":1700,\"height\":1700},{\"@type\":\"BreadcrumbList\",\"@id\":\"https:\/\/scs-structures.com\/fr\/innovation\/#breadcrumb\",\"itemListElement\":[{\"@type\":\"ListItem\",\"position\":1,\"name\":\"Portada\",\"item\":\"http:\/\/scs-structures.com\/fr\/\"},{\"@type\":\"ListItem\",\"position\":2,\"name\":\"Innovation\"}]},{\"@type\":\"WebSite\",\"@id\":\"http:\/\/scs-structures.com\/fr\/#website\",\"url\":\"http:\/\/scs-structures.com\/fr\/\",\"name\":\"Culler\u00e9 Sala Structures\",\"description\":\"Estructuras met\u00e1licas, Cierres met\u00e1licos, Bigas armadas\",\"potentialAction\":[{\"@type\":\"SearchAction\",\"target\":{\"@type\":\"EntryPoint\",\"urlTemplate\":\"http:\/\/scs-structures.com\/fr\/?s={search_term_string}\"},\"query-input\":{\"@type\":\"PropertyValueSpecification\",\"valueRequired\":true,\"valueName\":\"search_term_string\"}}],\"inLanguage\":\"fr-FR\"}]}<\/script>\n<!-- \/ Yoast SEO plugin. -->","yoast_head_json":{"title":"Innovation | Culler\u00e9 Sala Structures","robots":{"index":"index","follow":"follow","max-snippet":"max-snippet:-1","max-image-preview":"max-image-preview:large","max-video-preview":"max-video-preview:-1"},"canonical":"https:\/\/scs-structures.com\/fr\/innovation\/","og_locale":"fr_FR","og_type":"article","og_title":"Innovation | Culler\u00e9 Sala Structures","og_description":"L&rsquo;engagement de SCS envers l&rsquo;innovation continue s&rsquo;inscrit dans la volont\u00e9 de proposer de fa\u00e7on syst\u00e9matique les solutions les plus efficaces et les mieux adapt\u00e9es aux besoins des clients. Depuis de nombreuses ann\u00e9es, SCS ex\u00e9cute tous les projets qui lui sont confi\u00e9s en faisant appel \u00e0 la technologie BIM, au logiciel Tekla et aux programmes de [&hellip;]","og_url":"https:\/\/scs-structures.com\/fr\/innovation\/","og_site_name":"Culler\u00e9 Sala Structures","article_publisher":"https:\/\/www.facebook.com\/culleresala","article_modified_time":"2019-05-10T07:43:47+00:00","og_image":[{"width":1024,"height":1024,"url":"https:\/\/scs-structures.com\/wp-content\/uploads\/2019\/04\/INNOVACIO-DESTACADO-1024x1024.jpg","type":"image\/jpeg"}],"twitter_card":"summary_large_image","twitter_site":"@CullereSala","twitter_misc":{"Dur\u00e9e de lecture estim\u00e9e":"1 minute"},"schema":{"@context":"https:\/\/schema.org","@graph":[{"@type":"WebPage","@id":"https:\/\/scs-structures.com\/fr\/innovation\/","url":"https:\/\/scs-structures.com\/fr\/innovation\/","name":"Innovation | Culler\u00e9 Sala Structures","isPartOf":{"@id":"http:\/\/scs-structures.com\/fr\/#website"},"primaryImageOfPage":{"@id":"https:\/\/scs-structures.com\/fr\/innovation\/#primaryimage"},"image":{"@id":"https:\/\/scs-structures.com\/fr\/innovation\/#primaryimage"},"thumbnailUrl":"https:\/\/scs-structures.com\/wp-content\/uploads\/2019\/04\/INNOVACIO-DESTACADO.jpg","datePublished":"2019-04-01T13:53:35+00:00","dateModified":"2019-05-10T07:43:47+00:00","breadcrumb":{"@id":"https:\/\/scs-structures.com\/fr\/innovation\/#breadcrumb"},"inLanguage":"fr-FR","potentialAction":[{"@type":"ReadAction","target":["https:\/\/scs-structures.com\/fr\/innovation\/"]}]},{"@type":"ImageObject","inLanguage":"fr-FR","@id":"https:\/\/scs-structures.com\/fr\/innovation\/#primaryimage","url":"https:\/\/scs-structures.com\/wp-content\/uploads\/2019\/04\/INNOVACIO-DESTACADO.jpg","contentUrl":"https:\/\/scs-structures.com\/wp-content\/uploads\/2019\/04\/INNOVACIO-DESTACADO.jpg","width":1700,"height":1700},{"@type":"BreadcrumbList","@id":"https:\/\/scs-structures.com\/fr\/innovation\/#breadcrumb","itemListElement":[{"@type":"ListItem","position":1,"name":"Portada","item":"http:\/\/scs-structures.com\/fr\/"},{"@type":"ListItem","position":2,"name":"Innovation"}]},{"@type":"WebSite","@id":"http:\/\/scs-structures.com\/fr\/#website","url":"http:\/\/scs-structures.com\/fr\/","name":"Culler\u00e9 Sala Structures","description":"Estructuras met\u00e1licas, Cierres met\u00e1licos, Bigas armadas","potentialAction":[{"@type":"SearchAction","target":{"@type":"EntryPoint","urlTemplate":"http:\/\/scs-structures.com\/fr\/?s={search_term_string}"},"query-input":{"@type":"PropertyValueSpecification","valueRequired":true,"valueName":"search_term_string"}}],"inLanguage":"fr-FR"}]}},"_links":{"self":[{"href":"https:\/\/scs-structures.com\/fr\/wp-json\/wp\/v2\/pages\/41","targetHints":{"allow":["GET"]}}],"collection":[{"href":"https:\/\/scs-structures.com\/fr\/wp-json\/wp\/v2\/pages"}],"about":[{"href":"https:\/\/scs-structures.com\/fr\/wp-json\/wp\/v2\/types\/page"}],"author":[{"embeddable":true,"href":"https:\/\/scs-structures.com\/fr\/wp-json\/wp\/v2\/users\/1"}],"replies":[{"embeddable":true,"href":"https:\/\/scs-structures.com\/fr\/wp-json\/wp\/v2\/comments?post=41"}],"version-history":[{"count":5,"href":"https:\/\/scs-structures.com\/fr\/wp-json\/wp\/v2\/pages\/41\/revisions"}],"predecessor-version":[{"id":1459,"href":"https:\/\/scs-structures.com\/fr\/wp-json\/wp\/v2\/pages\/41\/revisions\/1459"}],"wp:featuredmedia":[{"embeddable":true,"href":"https:\/\/scs-structures.com\/fr\/wp-json\/wp\/v2\/media\/870"}],"wp:attachment":[{"href":"https:\/\/scs-structures.com\/fr\/wp-json\/wp\/v2\/media?parent=41"}],"curies":[{"name":"wp","href":"https:\/\/api.w.org\/{rel}","templated":true}]}}