{"id":33,"date":"2019-04-01T15:52:43","date_gmt":"2019-04-01T13:52:43","guid":{"rendered":"http:\/\/scs-structures.com\/empresa\/"},"modified":"2024-02-01T16:40:00","modified_gmt":"2024-02-01T15:40:00","slug":"entreprise","status":"publish","type":"page","link":"https:\/\/scs-structures.com\/fr\/entreprise\/","title":{"rendered":"Entreprise"},"content":{"rendered":"<p>Forte de plus de 30\u00a0ans d&rsquo;exp\u00e9rience, SCS-Culler\u00e9 Sala est une entreprise de r\u00e9f\u00e9rence dans le secteur des structures m\u00e9talliques.<\/p>\n<p>Nous travaillons dans l&rsquo;objectif de proposer \u00e0 nos clients les meilleurs r\u00e9sultats en termes de qualit\u00e9, de prix et de d\u00e9lai d&rsquo;ex\u00e9cution. L&rsquo;optimisation de ces trois facteurs constitue l&rsquo;engagement principal de l&rsquo;entreprise.<\/p>\n<p>Pour ce faire, nous faisons appel \u00e0 des professionnels pluridisciplinaires qui d\u00e9veloppent chaque projet de la fa\u00e7on la plus optimale qui soit, de la phase initiale \u00e0 la mise en \u0153uvre d\u00e9finitive. Notre \u00e9quipe est compos\u00e9e d&rsquo;architectes, de concepteurs-projeteurs BIM, de personnel administratif, de personnel d&rsquo;atelier et de personnel de chantier.<\/p>\n<p>Nous faisons appel \u00e0 la technologie BIM pour la mod\u00e9lisation de nos projets, qu&rsquo;il s&rsquo;agisse de structures ou de bardages, ce qui nous permet d&rsquo;interagir en toute s\u00e9curit\u00e9 et commodit\u00e9 avec d&rsquo;autres professionnels de l&rsquo;industrie, d&rsquo;optimiser les syst\u00e8mes de production et de construction sur les chantiers, ainsi que de contr\u00f4ler en temps r\u00e9el l&rsquo;\u00e9tat d&rsquo;avancement du projet.<\/p>\n<p>Notre site de Vic et nos nouvelles installations implant\u00e9es \u00e0 Poliny\u00e0, dot\u00e9es des \u00e9quipements \u00e0 commande num\u00e9rique les plus modernes, nous permettent de nous attaquer aux projets les plus complexes et de les mener \u00e0 bien avec la rapidit\u00e9 qui a toujours su nous caract\u00e9riser.<\/p>\n<p>\u00c0 l&rsquo;\u00e9chelle nationale, SCS est une entreprise de r\u00e9f\u00e9rence dans le secteur des structures m\u00e9talliques qui travaille en appliquant les normes de qualit\u00e9 les plus exigeantes dans toutes ces activit\u00e9s. Certifi\u00e9e selon la norme EN\u00a01090 pour la classe d&rsquo;ex\u00e9cution la plus \u00e9lev\u00e9e (EXC4), SCS met en \u0153uvre le syst\u00e8me d&rsquo;am\u00e9lioration continue ISO\u00a09001 et applique les crit\u00e8res environnementaux de la norme ISO\u00a014001.<\/p>\n","protected":false},"excerpt":{"rendered":"<p>Forte de plus de 30\u00a0ans d&rsquo;exp\u00e9rience, SCS-Culler\u00e9 Sala est une entreprise de r\u00e9f\u00e9rence dans le secteur des structures m\u00e9talliques. Nous travaillons dans l&rsquo;objectif de proposer \u00e0 nos clients les meilleurs r\u00e9sultats en termes de qualit\u00e9, de prix et de d\u00e9lai d&rsquo;ex\u00e9cution. L&rsquo;optimisation de ces trois facteurs constitue l&rsquo;engagement principal de l&rsquo;entreprise. Pour ce faire, nous [&hellip;]<\/p>\n","protected":false},"author":1,"featured_media":512,"parent":0,"menu_order":3,"comment_status":"closed","ping_status":"closed","template":"","meta":{"_acf_changed":false,"footnotes":""},"class_list":["post-33","page","type-page","status-publish","has-post-thumbnail","hentry"],"acf":[],"yoast_head":"<!-- This site is optimized with the Yoast SEO plugin v26.6 - https:\/\/yoast.com\/wordpress\/plugins\/seo\/ -->\n<title>Entreprise | Culler\u00e9 Sala Structures<\/title>\n<meta name=\"robots\" content=\"index, follow, max-snippet:-1, max-image-preview:large, max-video-preview:-1\" \/>\n<link rel=\"canonical\" href=\"https:\/\/scs-structures.com\/fr\/entreprise\/\" \/>\n<meta property=\"og:locale\" content=\"fr_FR\" \/>\n<meta property=\"og:type\" content=\"article\" \/>\n<meta property=\"og:title\" content=\"Entreprise | Culler\u00e9 Sala Structures\" \/>\n<meta property=\"og:description\" content=\"Forte de plus de 30\u00a0ans d&rsquo;exp\u00e9rience, SCS-Culler\u00e9 Sala est une entreprise de r\u00e9f\u00e9rence dans le secteur des structures m\u00e9talliques. Nous travaillons dans l&rsquo;objectif de proposer \u00e0 nos clients les meilleurs r\u00e9sultats en termes de qualit\u00e9, de prix et de d\u00e9lai d&rsquo;ex\u00e9cution. L&rsquo;optimisation de ces trois facteurs constitue l&rsquo;engagement principal de l&rsquo;entreprise. Pour ce faire, nous [&hellip;]\" \/>\n<meta property=\"og:url\" content=\"https:\/\/scs-structures.com\/fr\/entreprise\/\" \/>\n<meta property=\"og:site_name\" content=\"Culler\u00e9 Sala Structures\" \/>\n<meta property=\"article:publisher\" content=\"https:\/\/www.facebook.com\/culleresala\" \/>\n<meta property=\"article:modified_time\" content=\"2024-02-01T15:40:00+00:00\" \/>\n<meta property=\"og:image\" content=\"https:\/\/scs-structures.com\/wp-content\/uploads\/2019\/04\/destacado-empresa.jpg\" \/>\n\t<meta property=\"og:image:width\" content=\"1710\" \/>\n\t<meta property=\"og:image:height\" content=\"1140\" \/>\n\t<meta property=\"og:image:type\" content=\"image\/jpeg\" \/>\n<meta name=\"twitter:card\" content=\"summary_large_image\" \/>\n<meta name=\"twitter:site\" content=\"@CullereSala\" \/>\n<meta name=\"twitter:label1\" content=\"Dur\u00e9e de lecture estim\u00e9e\" \/>\n\t<meta name=\"twitter:data1\" content=\"1 minute\" \/>\n<script type=\"application\/ld+json\" class=\"yoast-schema-graph\">{\"@context\":\"https:\/\/schema.org\",\"@graph\":[{\"@type\":\"WebPage\",\"@id\":\"https:\/\/scs-structures.com\/fr\/entreprise\/\",\"url\":\"https:\/\/scs-structures.com\/fr\/entreprise\/\",\"name\":\"Entreprise | Culler\u00e9 Sala Structures\",\"isPartOf\":{\"@id\":\"http:\/\/scs-structures.com\/fr\/#website\"},\"primaryImageOfPage\":{\"@id\":\"https:\/\/scs-structures.com\/fr\/entreprise\/#primaryimage\"},\"image\":{\"@id\":\"https:\/\/scs-structures.com\/fr\/entreprise\/#primaryimage\"},\"thumbnailUrl\":\"https:\/\/scs-structures.com\/wp-content\/uploads\/2019\/04\/destacado-empresa.jpg\",\"datePublished\":\"2019-04-01T13:52:43+00:00\",\"dateModified\":\"2024-02-01T15:40:00+00:00\",\"breadcrumb\":{\"@id\":\"https:\/\/scs-structures.com\/fr\/entreprise\/#breadcrumb\"},\"inLanguage\":\"fr-FR\",\"potentialAction\":[{\"@type\":\"ReadAction\",\"target\":[\"https:\/\/scs-structures.com\/fr\/entreprise\/\"]}]},{\"@type\":\"ImageObject\",\"inLanguage\":\"fr-FR\",\"@id\":\"https:\/\/scs-structures.com\/fr\/entreprise\/#primaryimage\",\"url\":\"https:\/\/scs-structures.com\/wp-content\/uploads\/2019\/04\/destacado-empresa.jpg\",\"contentUrl\":\"https:\/\/scs-structures.com\/wp-content\/uploads\/2019\/04\/destacado-empresa.jpg\",\"width\":1710,\"height\":1140},{\"@type\":\"BreadcrumbList\",\"@id\":\"https:\/\/scs-structures.com\/fr\/entreprise\/#breadcrumb\",\"itemListElement\":[{\"@type\":\"ListItem\",\"position\":1,\"name\":\"Portada\",\"item\":\"http:\/\/scs-structures.com\/fr\/\"},{\"@type\":\"ListItem\",\"position\":2,\"name\":\"Entreprise\"}]},{\"@type\":\"WebSite\",\"@id\":\"http:\/\/scs-structures.com\/fr\/#website\",\"url\":\"http:\/\/scs-structures.com\/fr\/\",\"name\":\"Culler\u00e9 Sala Structures\",\"description\":\"Estructuras met\u00e1licas, Cierres met\u00e1licos, Bigas armadas\",\"potentialAction\":[{\"@type\":\"SearchAction\",\"target\":{\"@type\":\"EntryPoint\",\"urlTemplate\":\"http:\/\/scs-structures.com\/fr\/?s={search_term_string}\"},\"query-input\":{\"@type\":\"PropertyValueSpecification\",\"valueRequired\":true,\"valueName\":\"search_term_string\"}}],\"inLanguage\":\"fr-FR\"}]}<\/script>\n<!-- \/ Yoast SEO plugin. -->","yoast_head_json":{"title":"Entreprise | Culler\u00e9 Sala Structures","robots":{"index":"index","follow":"follow","max-snippet":"max-snippet:-1","max-image-preview":"max-image-preview:large","max-video-preview":"max-video-preview:-1"},"canonical":"https:\/\/scs-structures.com\/fr\/entreprise\/","og_locale":"fr_FR","og_type":"article","og_title":"Entreprise | Culler\u00e9 Sala Structures","og_description":"Forte de plus de 30\u00a0ans d&rsquo;exp\u00e9rience, SCS-Culler\u00e9 Sala est une entreprise de r\u00e9f\u00e9rence dans le secteur des structures m\u00e9talliques. Nous travaillons dans l&rsquo;objectif de proposer \u00e0 nos clients les meilleurs r\u00e9sultats en termes de qualit\u00e9, de prix et de d\u00e9lai d&rsquo;ex\u00e9cution. L&rsquo;optimisation de ces trois facteurs constitue l&rsquo;engagement principal de l&rsquo;entreprise. Pour ce faire, nous [&hellip;]","og_url":"https:\/\/scs-structures.com\/fr\/entreprise\/","og_site_name":"Culler\u00e9 Sala Structures","article_publisher":"https:\/\/www.facebook.com\/culleresala","article_modified_time":"2024-02-01T15:40:00+00:00","og_image":[{"width":1710,"height":1140,"url":"https:\/\/scs-structures.com\/wp-content\/uploads\/2019\/04\/destacado-empresa.jpg","type":"image\/jpeg"}],"twitter_card":"summary_large_image","twitter_site":"@CullereSala","twitter_misc":{"Dur\u00e9e de lecture estim\u00e9e":"1 minute"},"schema":{"@context":"https:\/\/schema.org","@graph":[{"@type":"WebPage","@id":"https:\/\/scs-structures.com\/fr\/entreprise\/","url":"https:\/\/scs-structures.com\/fr\/entreprise\/","name":"Entreprise | Culler\u00e9 Sala Structures","isPartOf":{"@id":"http:\/\/scs-structures.com\/fr\/#website"},"primaryImageOfPage":{"@id":"https:\/\/scs-structures.com\/fr\/entreprise\/#primaryimage"},"image":{"@id":"https:\/\/scs-structures.com\/fr\/entreprise\/#primaryimage"},"thumbnailUrl":"https:\/\/scs-structures.com\/wp-content\/uploads\/2019\/04\/destacado-empresa.jpg","datePublished":"2019-04-01T13:52:43+00:00","dateModified":"2024-02-01T15:40:00+00:00","breadcrumb":{"@id":"https:\/\/scs-structures.com\/fr\/entreprise\/#breadcrumb"},"inLanguage":"fr-FR","potentialAction":[{"@type":"ReadAction","target":["https:\/\/scs-structures.com\/fr\/entreprise\/"]}]},{"@type":"ImageObject","inLanguage":"fr-FR","@id":"https:\/\/scs-structures.com\/fr\/entreprise\/#primaryimage","url":"https:\/\/scs-structures.com\/wp-content\/uploads\/2019\/04\/destacado-empresa.jpg","contentUrl":"https:\/\/scs-structures.com\/wp-content\/uploads\/2019\/04\/destacado-empresa.jpg","width":1710,"height":1140},{"@type":"BreadcrumbList","@id":"https:\/\/scs-structures.com\/fr\/entreprise\/#breadcrumb","itemListElement":[{"@type":"ListItem","position":1,"name":"Portada","item":"http:\/\/scs-structures.com\/fr\/"},{"@type":"ListItem","position":2,"name":"Entreprise"}]},{"@type":"WebSite","@id":"http:\/\/scs-structures.com\/fr\/#website","url":"http:\/\/scs-structures.com\/fr\/","name":"Culler\u00e9 Sala Structures","description":"Estructuras met\u00e1licas, Cierres met\u00e1licos, Bigas armadas","potentialAction":[{"@type":"SearchAction","target":{"@type":"EntryPoint","urlTemplate":"http:\/\/scs-structures.com\/fr\/?s={search_term_string}"},"query-input":{"@type":"PropertyValueSpecification","valueRequired":true,"valueName":"search_term_string"}}],"inLanguage":"fr-FR"}]}},"_links":{"self":[{"href":"https:\/\/scs-structures.com\/fr\/wp-json\/wp\/v2\/pages\/33","targetHints":{"allow":["GET"]}}],"collection":[{"href":"https:\/\/scs-structures.com\/fr\/wp-json\/wp\/v2\/pages"}],"about":[{"href":"https:\/\/scs-structures.com\/fr\/wp-json\/wp\/v2\/types\/page"}],"author":[{"embeddable":true,"href":"https:\/\/scs-structures.com\/fr\/wp-json\/wp\/v2\/users\/1"}],"replies":[{"embeddable":true,"href":"https:\/\/scs-structures.com\/fr\/wp-json\/wp\/v2\/comments?post=33"}],"version-history":[{"count":7,"href":"https:\/\/scs-structures.com\/fr\/wp-json\/wp\/v2\/pages\/33\/revisions"}],"predecessor-version":[{"id":1892,"href":"https:\/\/scs-structures.com\/fr\/wp-json\/wp\/v2\/pages\/33\/revisions\/1892"}],"wp:featuredmedia":[{"embeddable":true,"href":"https:\/\/scs-structures.com\/fr\/wp-json\/wp\/v2\/media\/512"}],"wp:attachment":[{"href":"https:\/\/scs-structures.com\/fr\/wp-json\/wp\/v2\/media?parent=33"}],"curies":[{"name":"wp","href":"https:\/\/api.w.org\/{rel}","templated":true}]}}