{"id":25,"date":"2019-04-01T15:51:25","date_gmt":"2019-04-01T13:51:25","guid":{"rendered":"http:\/\/scs-structures.com\/soluciones\/"},"modified":"2019-05-10T10:00:56","modified_gmt":"2019-05-10T08:00:56","slug":"solutions","status":"publish","type":"page","link":"https:\/\/scs-structures.com\/fr\/solutions\/","title":{"rendered":"Solutions"},"content":{"rendered":"<p>SCS propose des solutions structurelles adapt\u00e9es aux besoins de ses clients pour couvrir tous les domaines de la construction industrielle et pour mettre en \u0153uvre toute sorte de b\u00e2timents particuliers. Nos structures m\u00e9talliques et mixtes nous permettent de proposer les solutions optimales les mieux adapt\u00e9es aux besoins de nos clients. Nous disposons \u00e9galement d&rsquo;un large choix d&rsquo;options pour toitures et fa\u00e7ades utilis\u00e9es pour apporter une solution globale \u00e0 nos projets.<\/p>\n","protected":false},"excerpt":{"rendered":"<p>SCS propose des solutions structurelles adapt\u00e9es aux besoins de ses clients pour couvrir tous les domaines de la construction industrielle et pour mettre en \u0153uvre toute sorte de b\u00e2timents particuliers. Nos structures m\u00e9talliques et mixtes nous permettent de proposer les solutions optimales les mieux adapt\u00e9es aux besoins de nos clients. Nous disposons \u00e9galement d&rsquo;un large [&hellip;]<\/p>\n","protected":false},"author":1,"featured_media":0,"parent":0,"menu_order":1,"comment_status":"closed","ping_status":"closed","template":"","meta":{"_acf_changed":false,"footnotes":""},"class_list":["post-25","page","type-page","status-publish","hentry"],"acf":[],"yoast_head":"<!-- This site is optimized with the Yoast SEO plugin v26.6 - https:\/\/yoast.com\/wordpress\/plugins\/seo\/ -->\n<title>Solutions | Culler\u00e9 Sala Structures<\/title>\n<meta name=\"robots\" content=\"index, follow, max-snippet:-1, max-image-preview:large, max-video-preview:-1\" \/>\n<link rel=\"canonical\" href=\"https:\/\/scs-structures.com\/fr\/solutions\/\" \/>\n<meta property=\"og:locale\" content=\"fr_FR\" \/>\n<meta property=\"og:type\" content=\"article\" \/>\n<meta property=\"og:title\" content=\"Solutions | Culler\u00e9 Sala Structures\" \/>\n<meta property=\"og:description\" content=\"SCS propose des solutions structurelles adapt\u00e9es aux besoins de ses clients pour couvrir tous les domaines de la construction industrielle et pour mettre en \u0153uvre toute sorte de b\u00e2timents particuliers. Nos structures m\u00e9talliques et mixtes nous permettent de proposer les solutions optimales les mieux adapt\u00e9es aux besoins de nos clients. Nous disposons \u00e9galement d&rsquo;un large [&hellip;]\" \/>\n<meta property=\"og:url\" content=\"https:\/\/scs-structures.com\/fr\/solutions\/\" \/>\n<meta property=\"og:site_name\" content=\"Culler\u00e9 Sala Structures\" \/>\n<meta property=\"article:publisher\" content=\"https:\/\/www.facebook.com\/culleresala\" \/>\n<meta property=\"article:modified_time\" content=\"2019-05-10T08:00:56+00:00\" \/>\n<meta name=\"twitter:card\" content=\"summary_large_image\" \/>\n<meta name=\"twitter:site\" content=\"@CullereSala\" \/>\n<script type=\"application\/ld+json\" class=\"yoast-schema-graph\">{\"@context\":\"https:\/\/schema.org\",\"@graph\":[{\"@type\":\"WebPage\",\"@id\":\"https:\/\/scs-structures.com\/fr\/solutions\/\",\"url\":\"https:\/\/scs-structures.com\/fr\/solutions\/\",\"name\":\"Solutions | Culler\u00e9 Sala Structures\",\"isPartOf\":{\"@id\":\"http:\/\/scs-structures.com\/fr\/#website\"},\"datePublished\":\"2019-04-01T13:51:25+00:00\",\"dateModified\":\"2019-05-10T08:00:56+00:00\",\"breadcrumb\":{\"@id\":\"https:\/\/scs-structures.com\/fr\/solutions\/#breadcrumb\"},\"inLanguage\":\"fr-FR\",\"potentialAction\":[{\"@type\":\"ReadAction\",\"target\":[\"https:\/\/scs-structures.com\/fr\/solutions\/\"]}]},{\"@type\":\"BreadcrumbList\",\"@id\":\"https:\/\/scs-structures.com\/fr\/solutions\/#breadcrumb\",\"itemListElement\":[{\"@type\":\"ListItem\",\"position\":1,\"name\":\"Portada\",\"item\":\"http:\/\/scs-structures.com\/fr\/\"},{\"@type\":\"ListItem\",\"position\":2,\"name\":\"Solutions\"}]},{\"@type\":\"WebSite\",\"@id\":\"http:\/\/scs-structures.com\/fr\/#website\",\"url\":\"http:\/\/scs-structures.com\/fr\/\",\"name\":\"Culler\u00e9 Sala Structures\",\"description\":\"Estructuras met\u00e1licas, Cierres met\u00e1licos, Bigas armadas\",\"potentialAction\":[{\"@type\":\"SearchAction\",\"target\":{\"@type\":\"EntryPoint\",\"urlTemplate\":\"http:\/\/scs-structures.com\/fr\/?s={search_term_string}\"},\"query-input\":{\"@type\":\"PropertyValueSpecification\",\"valueRequired\":true,\"valueName\":\"search_term_string\"}}],\"inLanguage\":\"fr-FR\"}]}<\/script>\n<!-- \/ Yoast SEO plugin. -->","yoast_head_json":{"title":"Solutions | Culler\u00e9 Sala Structures","robots":{"index":"index","follow":"follow","max-snippet":"max-snippet:-1","max-image-preview":"max-image-preview:large","max-video-preview":"max-video-preview:-1"},"canonical":"https:\/\/scs-structures.com\/fr\/solutions\/","og_locale":"fr_FR","og_type":"article","og_title":"Solutions | Culler\u00e9 Sala Structures","og_description":"SCS propose des solutions structurelles adapt\u00e9es aux besoins de ses clients pour couvrir tous les domaines de la construction industrielle et pour mettre en \u0153uvre toute sorte de b\u00e2timents particuliers. Nos structures m\u00e9talliques et mixtes nous permettent de proposer les solutions optimales les mieux adapt\u00e9es aux besoins de nos clients. Nous disposons \u00e9galement d&rsquo;un large [&hellip;]","og_url":"https:\/\/scs-structures.com\/fr\/solutions\/","og_site_name":"Culler\u00e9 Sala Structures","article_publisher":"https:\/\/www.facebook.com\/culleresala","article_modified_time":"2019-05-10T08:00:56+00:00","twitter_card":"summary_large_image","twitter_site":"@CullereSala","schema":{"@context":"https:\/\/schema.org","@graph":[{"@type":"WebPage","@id":"https:\/\/scs-structures.com\/fr\/solutions\/","url":"https:\/\/scs-structures.com\/fr\/solutions\/","name":"Solutions | Culler\u00e9 Sala Structures","isPartOf":{"@id":"http:\/\/scs-structures.com\/fr\/#website"},"datePublished":"2019-04-01T13:51:25+00:00","dateModified":"2019-05-10T08:00:56+00:00","breadcrumb":{"@id":"https:\/\/scs-structures.com\/fr\/solutions\/#breadcrumb"},"inLanguage":"fr-FR","potentialAction":[{"@type":"ReadAction","target":["https:\/\/scs-structures.com\/fr\/solutions\/"]}]},{"@type":"BreadcrumbList","@id":"https:\/\/scs-structures.com\/fr\/solutions\/#breadcrumb","itemListElement":[{"@type":"ListItem","position":1,"name":"Portada","item":"http:\/\/scs-structures.com\/fr\/"},{"@type":"ListItem","position":2,"name":"Solutions"}]},{"@type":"WebSite","@id":"http:\/\/scs-structures.com\/fr\/#website","url":"http:\/\/scs-structures.com\/fr\/","name":"Culler\u00e9 Sala Structures","description":"Estructuras met\u00e1licas, Cierres met\u00e1licos, Bigas armadas","potentialAction":[{"@type":"SearchAction","target":{"@type":"EntryPoint","urlTemplate":"http:\/\/scs-structures.com\/fr\/?s={search_term_string}"},"query-input":{"@type":"PropertyValueSpecification","valueRequired":true,"valueName":"search_term_string"}}],"inLanguage":"fr-FR"}]}},"_links":{"self":[{"href":"https:\/\/scs-structures.com\/fr\/wp-json\/wp\/v2\/pages\/25","targetHints":{"allow":["GET"]}}],"collection":[{"href":"https:\/\/scs-structures.com\/fr\/wp-json\/wp\/v2\/pages"}],"about":[{"href":"https:\/\/scs-structures.com\/fr\/wp-json\/wp\/v2\/types\/page"}],"author":[{"embeddable":true,"href":"https:\/\/scs-structures.com\/fr\/wp-json\/wp\/v2\/users\/1"}],"replies":[{"embeddable":true,"href":"https:\/\/scs-structures.com\/fr\/wp-json\/wp\/v2\/comments?post=25"}],"version-history":[{"count":4,"href":"https:\/\/scs-structures.com\/fr\/wp-json\/wp\/v2\/pages\/25\/revisions"}],"predecessor-version":[{"id":1464,"href":"https:\/\/scs-structures.com\/fr\/wp-json\/wp\/v2\/pages\/25\/revisions\/1464"}],"wp:attachment":[{"href":"https:\/\/scs-structures.com\/fr\/wp-json\/wp\/v2\/media?parent=25"}],"curies":[{"name":"wp","href":"https:\/\/api.w.org\/{rel}","templated":true}]}}