{"id":1708,"date":"2023-11-29T16:19:19","date_gmt":"2023-11-29T15:19:19","guid":{"rendered":"https:\/\/scs-structures.com\/canal-de-denuncias\/"},"modified":"2023-12-21T10:16:38","modified_gmt":"2023-12-21T09:16:38","slug":"canal-reclamation","status":"publish","type":"page","link":"https:\/\/scs-structures.com\/fr\/canal-reclamation\/","title":{"rendered":"Canal de r\u00e9clamation"},"content":{"rendered":"<p>Ce canal est un service d&rsquo;acc\u00e8s public permettant de signaler les irr\u00e9gularit\u00e9s de toute personne li\u00e9e \u00e0 notre organisation, les actions ou omissions pouvant constituer une infraction p\u00e9nale ou administrative grave ou tr\u00e8s grave.<\/p>\n<p>Si vous le souhaitez, vous pouvez le d\u00e9poser de mani\u00e8re anonyme. Dans ce cas, un code unique est fourni \u00e0 la fin du processus avec lequel vous pouvez visualiser son statut. La r\u00e9ponse peut prendre 10 jours et une fois le d\u00e9lai d&rsquo;examen commenc\u00e9, les d\u00e9lais de r\u00e9solution varient selon le type d&rsquo;incident.<\/p>\n<p>La communication peut \u00eatre irrecevable dans l&rsquo;un des cas suivants\u00a0:<\/p>\n<ul>\n<li>Lorsque les faits rapport\u00e9s manquent de toute plausibilit\u00e9.<\/li>\n<li>Lorsque les faits rapport\u00e9s ne constituent pas une violation de l&rsquo;ordre juridique inclus dans le champ d&rsquo;application de la pr\u00e9sente loi.<\/li>\n<li>Lorsque la communication est manifestement infond\u00e9e ou qu&rsquo;il existe, de l&rsquo;avis de l&rsquo;Autorit\u00e9 ind\u00e9pendante pour la protection des informateurs, A.A.I., des indications rationnelles selon lesquelles elle a \u00e9t\u00e9 obtenue gr\u00e2ce \u00e0 la commission d&rsquo;un crime. Dans ce dernier cas, outre l&rsquo;irrecevabilit\u00e9, une liste d\u00e9taill\u00e9e des faits consid\u00e9r\u00e9s comme constitutifs d&rsquo;un d\u00e9lit sera adress\u00e9e au Parquet.<\/li>\n<li>Lorsque la communication ne contient pas d&rsquo;informations nouvelles et significatives sur les infractions par rapport \u00e0 une communication pr\u00e9c\u00e9dente pour laquelle les proc\u00e9dures correspondantes ont \u00e9t\u00e9 conclues, \u00e0 moins que de nouvelles circonstances factuelles ou juridiques ne surviennent qui justifient un suivi diff\u00e9rent. Dans ces cas, l&rsquo;Autorit\u00e9 Ind\u00e9pendante pour la Protection des Informateurs, A.A.I., notifiera la r\u00e9solution de mani\u00e8re motiv\u00e9e.<\/li>\n<\/ul>\n<p>Si vous saisissez un email et un num\u00e9ro de t\u00e9l\u00e9phone, nous vous contacterons par ce biais, sinon vous devrez revenir sur cette page pour v\u00e9rifier son statut.<\/p>\n<p>\u00c9tant donn\u00e9 que les plaintes peuvent contenir des donn\u00e9es personnelles du plaignant ou de tiers, il est n\u00e9cessaire que vous acceptiez notre politique de confidentialit\u00e9 pour d\u00e9poser une plainte. Nous garantissons que les informations fournies seront trait\u00e9es de mani\u00e8re totalement confidentielle.<\/p>\n<p>Pour faire un signalement, entrez le mot de passe qui vous a \u00e9t\u00e9 fourni par l&rsquo;administration. Si vous avez d\u00e9j\u00e0 effectu\u00e9 un rapport, vous aurez \u00e9galement besoin du code de suivi.<\/p>\n<div class=\"buttons-complaints\"><div style='position:relative;' id='search_tickets-search' class='emd-form emd-container'><form id='search_tickets' action='\/fr\/wp-json\/wp\/v2\/pages\/1708' method='post' class='emd-form-container emd-form-horizontal'><input type='hidden' value='search_tickets' name='form_name' id='form_name_0'><input type='hidden' value='1680' name='emd_form_id' id='emd_form_id_0'><input type='hidden' value='wp_ticket_com' name='emd_app' id='emd_app_0'><input type='hidden' value='emd_ticket' name='emd_ent' id='emd_ent_0'><input type='hidden' value='0' name='emd_step' id='emd_step_0'><input type=\"hidden\" id=\"search_tickets_0_nonce\" name=\"search_tickets_0_nonce\" value=\"b589ecfb2e\" \/><input type=\"hidden\" name=\"_wp_http_referer\" value=\"\/fr\/wp-json\/wp\/v2\/pages\/1708\" \/><div class=\"emd-form-row emd-row emd-ahp-row\"><div class=\"emd-form-field emd-col emd-md-12 emd-sm-12 emd-xs-12\" data-field=\"name\"><div class=\"emd-form-group\"><label class=\"emd-control-label name\" for=\"name\"><span id=\"label_name\">Name<\/span><span class=\"emd-fieldicons-wrap\">\n\t\t<a data-html=\"true\" href=\"#\" tabindex=-1 data-toggle=\"tooltip\" style=\"display:none;\" id=\"info_name\" class=\"helptip\">\n\t\t<span class=\"field-icons info\"><\/span><\/a><a href=\"#\" data-html=\"true\" tabindex=-1 data-toggle=\"tooltip\" title=\"Name field is required\" id=\"req_name\" class=\"helptip\" style=\"display:none;\">\n\t\t<span class=\"field-icons required\"><\/span>\n\t\t<\/a>\n\t\t<\/span>\n\t\t<\/label><input type=\"text\" name=\"search_tickets0_name\" id=\"search_tickets0_name\" class=\"text emd-ahp emd-input-md emd-form-control\" autocomplete=\"off\"\/><\/div><\/div><\/div><div class=\"emd-form-row emd-row\"><div class=\"emd-form-field emd-col emd-md-12 emd-sm-12 emd-xs-12\" data-field=\"emd_ticket_id\"><div class=\"emd-form-group\"><label class=\"emd-control-label emd_ticket_id\" for=\"emd_ticket_id\"><span id=\"label_emd_ticket_id\">Code de suivi<\/span><span class=\"emd-fieldicons-wrap\">\n\t\t<a data-html=\"true\" href=\"#\" tabindex=-1 data-toggle=\"tooltip\" title=\"Unique identifier for a ticket\" id=\"info_emd_ticket_id\" class=\"helptip\">\n\t\t<span class=\"field-icons info\"><\/span><\/a><a href=\"#\" data-html=\"true\" tabindex=-1 data-toggle=\"tooltip\" title=\"Cod. Seguimiento field is required\" id=\"req_emd_ticket_id\" class=\"helptip\" style=\"display:none;\">\n\t\t<span class=\"field-icons required\"><\/span>\n\t\t<\/a>\n\t\t<\/span>\n\t\t<\/label><input type=\"text\" name=\"emd_ticket_id\" id=\"emd_ticket_id\" class=\"text emd-input-md emd-form-control\" autocomplete=\"off\"\/><\/div><\/div><\/div><div class=\"emd-row emd-form-submit-row\"><button class='emd-form-search emd-btn emd-btn-primary emd-btn-large emd-btn-block' type='submit' value='submit' name='submit_search_tickets'><i class='fa fa-fw fas fa-search' aria-hidden='true'><\/i>Recherche<\/button><\/div><\/form><\/div><!--container-end--><\/div>\n","protected":false},"excerpt":{"rendered":"<p>Ce canal est un service d&rsquo;acc\u00e8s public permettant de signaler les irr\u00e9gularit\u00e9s de toute personne li\u00e9e \u00e0 notre organisation, les actions ou omissions pouvant constituer une infraction p\u00e9nale ou administrative grave ou tr\u00e8s grave. Si vous le souhaitez, vous pouvez le d\u00e9poser de mani\u00e8re anonyme. Dans ce cas, un code unique est fourni \u00e0 la [&hellip;]<\/p>\n","protected":false},"author":1,"featured_media":0,"parent":0,"menu_order":20,"comment_status":"closed","ping_status":"closed","template":"","meta":{"_acf_changed":false,"footnotes":""},"class_list":["post-1708","page","type-page","status-publish","hentry"],"acf":[],"yoast_head":"<!-- This site is optimized with the Yoast SEO plugin v26.6 - https:\/\/yoast.com\/wordpress\/plugins\/seo\/ -->\n<title>Canal de r\u00e9clamation | Culler\u00e9 Sala Structures<\/title>\n<meta name=\"robots\" content=\"noindex, nofollow\" \/>\n<meta property=\"og:locale\" content=\"fr_FR\" \/>\n<meta property=\"og:type\" content=\"article\" \/>\n<meta property=\"og:title\" content=\"Canal de r\u00e9clamation | Culler\u00e9 Sala Structures\" \/>\n<meta property=\"og:description\" content=\"Ce canal est un service d&rsquo;acc\u00e8s public permettant de signaler les irr\u00e9gularit\u00e9s de toute personne li\u00e9e \u00e0 notre organisation, les actions ou omissions pouvant constituer une infraction p\u00e9nale ou administrative grave ou tr\u00e8s grave. Si vous le souhaitez, vous pouvez le d\u00e9poser de mani\u00e8re anonyme. Dans ce cas, un code unique est fourni \u00e0 la [&hellip;]\" \/>\n<meta property=\"og:url\" content=\"https:\/\/scs-structures.com\/fr\/canal-reclamation\/\" \/>\n<meta property=\"og:site_name\" content=\"Culler\u00e9 Sala Structures\" \/>\n<meta property=\"article:publisher\" content=\"https:\/\/www.facebook.com\/culleresala\" \/>\n<meta property=\"article:modified_time\" content=\"2023-12-21T09:16:38+00:00\" \/>\n<meta name=\"twitter:card\" content=\"summary_large_image\" \/>\n<meta name=\"twitter:site\" content=\"@CullereSala\" \/>\n<meta name=\"twitter:label1\" content=\"Dur\u00e9e de lecture estim\u00e9e\" \/>\n\t<meta name=\"twitter:data1\" content=\"2 minutes\" \/>\n<script type=\"application\/ld+json\" class=\"yoast-schema-graph\">{\"@context\":\"https:\/\/schema.org\",\"@graph\":[{\"@type\":\"WebPage\",\"@id\":\"https:\/\/scs-structures.com\/fr\/canal-reclamation\/\",\"url\":\"https:\/\/scs-structures.com\/fr\/canal-reclamation\/\",\"name\":\"Canal de r\u00e9clamation | Culler\u00e9 Sala Structures\",\"isPartOf\":{\"@id\":\"http:\/\/scs-structures.com\/fr\/#website\"},\"datePublished\":\"2023-11-29T15:19:19+00:00\",\"dateModified\":\"2023-12-21T09:16:38+00:00\",\"breadcrumb\":{\"@id\":\"https:\/\/scs-structures.com\/fr\/canal-reclamation\/#breadcrumb\"},\"inLanguage\":\"fr-FR\",\"potentialAction\":[{\"@type\":\"ReadAction\",\"target\":[\"https:\/\/scs-structures.com\/fr\/canal-reclamation\/\"]}]},{\"@type\":\"BreadcrumbList\",\"@id\":\"https:\/\/scs-structures.com\/fr\/canal-reclamation\/#breadcrumb\",\"itemListElement\":[{\"@type\":\"ListItem\",\"position\":1,\"name\":\"Portada\",\"item\":\"http:\/\/scs-structures.com\/fr\/\"},{\"@type\":\"ListItem\",\"position\":2,\"name\":\"Canal de r\u00e9clamation\"}]},{\"@type\":\"WebSite\",\"@id\":\"http:\/\/scs-structures.com\/fr\/#website\",\"url\":\"http:\/\/scs-structures.com\/fr\/\",\"name\":\"Culler\u00e9 Sala Structures\",\"description\":\"Estructuras met\u00e1licas, Cierres met\u00e1licos, Bigas armadas\",\"potentialAction\":[{\"@type\":\"SearchAction\",\"target\":{\"@type\":\"EntryPoint\",\"urlTemplate\":\"http:\/\/scs-structures.com\/fr\/?s={search_term_string}\"},\"query-input\":{\"@type\":\"PropertyValueSpecification\",\"valueRequired\":true,\"valueName\":\"search_term_string\"}}],\"inLanguage\":\"fr-FR\"}]}<\/script>\n<!-- \/ Yoast SEO plugin. -->","yoast_head_json":{"title":"Canal de r\u00e9clamation | Culler\u00e9 Sala Structures","robots":{"index":"noindex","follow":"nofollow"},"og_locale":"fr_FR","og_type":"article","og_title":"Canal de r\u00e9clamation | Culler\u00e9 Sala Structures","og_description":"Ce canal est un service d&rsquo;acc\u00e8s public permettant de signaler les irr\u00e9gularit\u00e9s de toute personne li\u00e9e \u00e0 notre organisation, les actions ou omissions pouvant constituer une infraction p\u00e9nale ou administrative grave ou tr\u00e8s grave. Si vous le souhaitez, vous pouvez le d\u00e9poser de mani\u00e8re anonyme. Dans ce cas, un code unique est fourni \u00e0 la [&hellip;]","og_url":"https:\/\/scs-structures.com\/fr\/canal-reclamation\/","og_site_name":"Culler\u00e9 Sala Structures","article_publisher":"https:\/\/www.facebook.com\/culleresala","article_modified_time":"2023-12-21T09:16:38+00:00","twitter_card":"summary_large_image","twitter_site":"@CullereSala","twitter_misc":{"Dur\u00e9e de lecture estim\u00e9e":"2 minutes"},"schema":{"@context":"https:\/\/schema.org","@graph":[{"@type":"WebPage","@id":"https:\/\/scs-structures.com\/fr\/canal-reclamation\/","url":"https:\/\/scs-structures.com\/fr\/canal-reclamation\/","name":"Canal de r\u00e9clamation | Culler\u00e9 Sala Structures","isPartOf":{"@id":"http:\/\/scs-structures.com\/fr\/#website"},"datePublished":"2023-11-29T15:19:19+00:00","dateModified":"2023-12-21T09:16:38+00:00","breadcrumb":{"@id":"https:\/\/scs-structures.com\/fr\/canal-reclamation\/#breadcrumb"},"inLanguage":"fr-FR","potentialAction":[{"@type":"ReadAction","target":["https:\/\/scs-structures.com\/fr\/canal-reclamation\/"]}]},{"@type":"BreadcrumbList","@id":"https:\/\/scs-structures.com\/fr\/canal-reclamation\/#breadcrumb","itemListElement":[{"@type":"ListItem","position":1,"name":"Portada","item":"http:\/\/scs-structures.com\/fr\/"},{"@type":"ListItem","position":2,"name":"Canal de r\u00e9clamation"}]},{"@type":"WebSite","@id":"http:\/\/scs-structures.com\/fr\/#website","url":"http:\/\/scs-structures.com\/fr\/","name":"Culler\u00e9 Sala Structures","description":"Estructuras met\u00e1licas, Cierres met\u00e1licos, Bigas armadas","potentialAction":[{"@type":"SearchAction","target":{"@type":"EntryPoint","urlTemplate":"http:\/\/scs-structures.com\/fr\/?s={search_term_string}"},"query-input":{"@type":"PropertyValueSpecification","valueRequired":true,"valueName":"search_term_string"}}],"inLanguage":"fr-FR"}]}},"_links":{"self":[{"href":"https:\/\/scs-structures.com\/fr\/wp-json\/wp\/v2\/pages\/1708","targetHints":{"allow":["GET"]}}],"collection":[{"href":"https:\/\/scs-structures.com\/fr\/wp-json\/wp\/v2\/pages"}],"about":[{"href":"https:\/\/scs-structures.com\/fr\/wp-json\/wp\/v2\/types\/page"}],"author":[{"embeddable":true,"href":"https:\/\/scs-structures.com\/fr\/wp-json\/wp\/v2\/users\/1"}],"replies":[{"embeddable":true,"href":"https:\/\/scs-structures.com\/fr\/wp-json\/wp\/v2\/comments?post=1708"}],"version-history":[{"count":15,"href":"https:\/\/scs-structures.com\/fr\/wp-json\/wp\/v2\/pages\/1708\/revisions"}],"predecessor-version":[{"id":1875,"href":"https:\/\/scs-structures.com\/fr\/wp-json\/wp\/v2\/pages\/1708\/revisions\/1875"}],"wp:attachment":[{"href":"https:\/\/scs-structures.com\/fr\/wp-json\/wp\/v2\/media?parent=1708"}],"curies":[{"name":"wp","href":"https:\/\/api.w.org\/{rel}","templated":true}]}}