{"id":56,"date":"2019-04-01T15:55:33","date_gmt":"2019-04-01T13:55:33","guid":{"rendered":"http:\/\/scs-structures.com\/calidad\/"},"modified":"2023-02-02T19:04:11","modified_gmt":"2023-02-02T18:04:11","slug":"quality","status":"publish","type":"page","link":"https:\/\/scs-structures.com\/en\/quality\/","title":{"rendered":"Quality"},"content":{"rendered":"<p>The continuous enhancement of our quality standards has been, from the company&#8217;s outset, the constant dynamic allowing us to adapt to the growing needs of our customers and the regulatory requirements of all the markets in which we work.<\/p>\n<p>In this regard, since the advent of the European standard for the CE marking of structures (EN1090), SCS obtained the maximum certification, the EXC4 level, allowing us to make any type of metal structure according to the most demanding design and manufacturing criteria.<\/p>\n<p>At SCS we view quality not only as a requirement to be met, but also as a stimulus to improve the company and allow us to become leaders through our ability to respond to the new challenges posed by our customers. In this regard, SCS works pursuant to the ISO9001 standard.<\/p>\n<p>SCS has the most advanced machinery to carry out any type of project, delivering the highest levels of quality. We possess numerical control equipment for the cutting and machining of beams, and oxyfuel, plasma and plate drilling machinery.<\/p>\n","protected":false},"excerpt":{"rendered":"<p>The continuous enhancement of our quality standards has been, from the company&#8217;s outset, the constant dynamic allowing us to adapt to the growing needs of our customers and the regulatory requirements of all the markets in which we work. In this regard, since the advent of the European standard for the CE marking of structures [&hellip;]<\/p>\n","protected":false},"author":1,"featured_media":860,"parent":0,"menu_order":6,"comment_status":"closed","ping_status":"closed","template":"","meta":{"_acf_changed":false,"footnotes":""},"class_list":["post-56","page","type-page","status-publish","has-post-thumbnail","hentry"],"acf":[],"yoast_head":"<!-- This site is optimized with the Yoast SEO plugin v26.6 - https:\/\/yoast.com\/wordpress\/plugins\/seo\/ -->\n<title>Quality | Culler\u00e9 Sala Structures<\/title>\n<meta name=\"robots\" content=\"index, follow, max-snippet:-1, max-image-preview:large, max-video-preview:-1\" \/>\n<link rel=\"canonical\" href=\"https:\/\/scs-structures.com\/en\/quality\/\" \/>\n<meta property=\"og:locale\" content=\"en_US\" \/>\n<meta property=\"og:type\" content=\"article\" \/>\n<meta property=\"og:title\" content=\"Quality | Culler\u00e9 Sala Structures\" \/>\n<meta property=\"og:description\" content=\"The continuous enhancement of our quality standards has been, from the company&#8217;s outset, the constant dynamic allowing us to adapt to the growing needs of our customers and the regulatory requirements of all the markets in which we work. In this regard, since the advent of the European standard for the CE marking of structures [&hellip;]\" \/>\n<meta property=\"og:url\" content=\"https:\/\/scs-structures.com\/en\/quality\/\" \/>\n<meta property=\"og:site_name\" content=\"Culler\u00e9 Sala Structures\" \/>\n<meta property=\"article:publisher\" content=\"https:\/\/www.facebook.com\/culleresala\" \/>\n<meta property=\"article:modified_time\" content=\"2023-02-02T18:04:11+00:00\" \/>\n<meta property=\"og:image\" content=\"https:\/\/scs-structures.com\/wp-content\/uploads\/2019\/04\/Qualitat-destacada-1024x1024.jpg\" \/>\n\t<meta property=\"og:image:width\" content=\"1024\" \/>\n\t<meta property=\"og:image:height\" content=\"1024\" \/>\n\t<meta property=\"og:image:type\" content=\"image\/jpeg\" \/>\n<meta name=\"twitter:card\" content=\"summary_large_image\" \/>\n<meta name=\"twitter:site\" content=\"@CullereSala\" \/>\n<meta name=\"twitter:label1\" content=\"Est. reading time\" \/>\n\t<meta name=\"twitter:data1\" content=\"1 minute\" \/>\n<script type=\"application\/ld+json\" class=\"yoast-schema-graph\">{\"@context\":\"https:\/\/schema.org\",\"@graph\":[{\"@type\":\"WebPage\",\"@id\":\"https:\/\/scs-structures.com\/en\/quality\/\",\"url\":\"https:\/\/scs-structures.com\/en\/quality\/\",\"name\":\"Quality | Culler\u00e9 Sala Structures\",\"isPartOf\":{\"@id\":\"http:\/\/scs-structures.com\/en\/#website\"},\"primaryImageOfPage\":{\"@id\":\"https:\/\/scs-structures.com\/en\/quality\/#primaryimage\"},\"image\":{\"@id\":\"https:\/\/scs-structures.com\/en\/quality\/#primaryimage\"},\"thumbnailUrl\":\"https:\/\/scs-structures.com\/wp-content\/uploads\/2019\/04\/Qualitat-destacada.jpg\",\"datePublished\":\"2019-04-01T13:55:33+00:00\",\"dateModified\":\"2023-02-02T18:04:11+00:00\",\"breadcrumb\":{\"@id\":\"https:\/\/scs-structures.com\/en\/quality\/#breadcrumb\"},\"inLanguage\":\"en-US\",\"potentialAction\":[{\"@type\":\"ReadAction\",\"target\":[\"https:\/\/scs-structures.com\/en\/quality\/\"]}]},{\"@type\":\"ImageObject\",\"inLanguage\":\"en-US\",\"@id\":\"https:\/\/scs-structures.com\/en\/quality\/#primaryimage\",\"url\":\"https:\/\/scs-structures.com\/wp-content\/uploads\/2019\/04\/Qualitat-destacada.jpg\",\"contentUrl\":\"https:\/\/scs-structures.com\/wp-content\/uploads\/2019\/04\/Qualitat-destacada.jpg\",\"width\":1700,\"height\":1700},{\"@type\":\"BreadcrumbList\",\"@id\":\"https:\/\/scs-structures.com\/en\/quality\/#breadcrumb\",\"itemListElement\":[{\"@type\":\"ListItem\",\"position\":1,\"name\":\"Portada\",\"item\":\"https:\/\/scs-structures.com\/en\/\"},{\"@type\":\"ListItem\",\"position\":2,\"name\":\"Quality\"}]},{\"@type\":\"WebSite\",\"@id\":\"http:\/\/scs-structures.com\/en\/#website\",\"url\":\"http:\/\/scs-structures.com\/en\/\",\"name\":\"Culler\u00e9 Sala Structures\",\"description\":\"Estructuras met\u00e1licas, Cierres met\u00e1licos, Bigas armadas\",\"potentialAction\":[{\"@type\":\"SearchAction\",\"target\":{\"@type\":\"EntryPoint\",\"urlTemplate\":\"http:\/\/scs-structures.com\/en\/?s={search_term_string}\"},\"query-input\":{\"@type\":\"PropertyValueSpecification\",\"valueRequired\":true,\"valueName\":\"search_term_string\"}}],\"inLanguage\":\"en-US\"}]}<\/script>\n<!-- \/ Yoast SEO plugin. -->","yoast_head_json":{"title":"Quality | Culler\u00e9 Sala Structures","robots":{"index":"index","follow":"follow","max-snippet":"max-snippet:-1","max-image-preview":"max-image-preview:large","max-video-preview":"max-video-preview:-1"},"canonical":"https:\/\/scs-structures.com\/en\/quality\/","og_locale":"en_US","og_type":"article","og_title":"Quality | Culler\u00e9 Sala Structures","og_description":"The continuous enhancement of our quality standards has been, from the company&#8217;s outset, the constant dynamic allowing us to adapt to the growing needs of our customers and the regulatory requirements of all the markets in which we work. In this regard, since the advent of the European standard for the CE marking of structures [&hellip;]","og_url":"https:\/\/scs-structures.com\/en\/quality\/","og_site_name":"Culler\u00e9 Sala Structures","article_publisher":"https:\/\/www.facebook.com\/culleresala","article_modified_time":"2023-02-02T18:04:11+00:00","og_image":[{"width":1024,"height":1024,"url":"https:\/\/scs-structures.com\/wp-content\/uploads\/2019\/04\/Qualitat-destacada-1024x1024.jpg","type":"image\/jpeg"}],"twitter_card":"summary_large_image","twitter_site":"@CullereSala","twitter_misc":{"Est. reading time":"1 minute"},"schema":{"@context":"https:\/\/schema.org","@graph":[{"@type":"WebPage","@id":"https:\/\/scs-structures.com\/en\/quality\/","url":"https:\/\/scs-structures.com\/en\/quality\/","name":"Quality | Culler\u00e9 Sala Structures","isPartOf":{"@id":"http:\/\/scs-structures.com\/en\/#website"},"primaryImageOfPage":{"@id":"https:\/\/scs-structures.com\/en\/quality\/#primaryimage"},"image":{"@id":"https:\/\/scs-structures.com\/en\/quality\/#primaryimage"},"thumbnailUrl":"https:\/\/scs-structures.com\/wp-content\/uploads\/2019\/04\/Qualitat-destacada.jpg","datePublished":"2019-04-01T13:55:33+00:00","dateModified":"2023-02-02T18:04:11+00:00","breadcrumb":{"@id":"https:\/\/scs-structures.com\/en\/quality\/#breadcrumb"},"inLanguage":"en-US","potentialAction":[{"@type":"ReadAction","target":["https:\/\/scs-structures.com\/en\/quality\/"]}]},{"@type":"ImageObject","inLanguage":"en-US","@id":"https:\/\/scs-structures.com\/en\/quality\/#primaryimage","url":"https:\/\/scs-structures.com\/wp-content\/uploads\/2019\/04\/Qualitat-destacada.jpg","contentUrl":"https:\/\/scs-structures.com\/wp-content\/uploads\/2019\/04\/Qualitat-destacada.jpg","width":1700,"height":1700},{"@type":"BreadcrumbList","@id":"https:\/\/scs-structures.com\/en\/quality\/#breadcrumb","itemListElement":[{"@type":"ListItem","position":1,"name":"Portada","item":"https:\/\/scs-structures.com\/en\/"},{"@type":"ListItem","position":2,"name":"Quality"}]},{"@type":"WebSite","@id":"http:\/\/scs-structures.com\/en\/#website","url":"http:\/\/scs-structures.com\/en\/","name":"Culler\u00e9 Sala Structures","description":"Estructuras met\u00e1licas, Cierres met\u00e1licos, Bigas armadas","potentialAction":[{"@type":"SearchAction","target":{"@type":"EntryPoint","urlTemplate":"http:\/\/scs-structures.com\/en\/?s={search_term_string}"},"query-input":{"@type":"PropertyValueSpecification","valueRequired":true,"valueName":"search_term_string"}}],"inLanguage":"en-US"}]}},"_links":{"self":[{"href":"https:\/\/scs-structures.com\/en\/wp-json\/wp\/v2\/pages\/56","targetHints":{"allow":["GET"]}}],"collection":[{"href":"https:\/\/scs-structures.com\/en\/wp-json\/wp\/v2\/pages"}],"about":[{"href":"https:\/\/scs-structures.com\/en\/wp-json\/wp\/v2\/types\/page"}],"author":[{"embeddable":true,"href":"https:\/\/scs-structures.com\/en\/wp-json\/wp\/v2\/users\/1"}],"replies":[{"embeddable":true,"href":"https:\/\/scs-structures.com\/en\/wp-json\/wp\/v2\/comments?post=56"}],"version-history":[{"count":7,"href":"https:\/\/scs-structures.com\/en\/wp-json\/wp\/v2\/pages\/56\/revisions"}],"predecessor-version":[{"id":1672,"href":"https:\/\/scs-structures.com\/en\/wp-json\/wp\/v2\/pages\/56\/revisions\/1672"}],"wp:featuredmedia":[{"embeddable":true,"href":"https:\/\/scs-structures.com\/en\/wp-json\/wp\/v2\/media\/860"}],"wp:attachment":[{"href":"https:\/\/scs-structures.com\/en\/wp-json\/wp\/v2\/media?parent=56"}],"curies":[{"name":"wp","href":"https:\/\/api.w.org\/{rel}","templated":true}]}}