{"id":48,"date":"2019-04-01T15:54:11","date_gmt":"2019-04-01T13:54:11","guid":{"rendered":"http:\/\/scs-structures.com\/sostenibilidad\/"},"modified":"2019-05-09T12:02:41","modified_gmt":"2019-05-09T10:02:41","slug":"sustainability","status":"publish","type":"page","link":"https:\/\/scs-structures.com\/en\/sustainability\/","title":{"rendered":"Sustainability"},"content":{"rendered":"<p>Steel is the foundation of SCS&#8217;s work, and perfectly represents the idea that sustainability should permeate all our activities and projects. The steel we use has been recycled (99%), and constitutes a clear example of a material according with the principles of the Circular Economy.<\/p>\n<p>At SCS we not only seek to recycle material, but also favour reuse. We design structures with the maximum possible bolting, facilitating their subsequent reuse or recycling. Through the use of steel as the main (but not only) material in our projects, we contribute to a more sustainable and environmentally responsible construction model.<\/p>\n<p>A clear example of the internalization of the concepts of sustainability in our procedures is the incorporation of the ISO14001 standard as a methodology governing our work, and our observance of the strictest LEED and BREAM standards on numerous projects.<\/p>\n","protected":false},"excerpt":{"rendered":"<p>Steel is the foundation of SCS&#8217;s work, and perfectly represents the idea that sustainability should permeate all our activities and projects. The steel we use has been recycled (99%), and constitutes a clear example of a material according with the principles of the Circular Economy. At SCS we not only seek to recycle material, but [&hellip;]<\/p>\n","protected":false},"author":1,"featured_media":855,"parent":0,"menu_order":5,"comment_status":"closed","ping_status":"closed","template":"","meta":{"_acf_changed":false,"footnotes":""},"class_list":["post-48","page","type-page","status-publish","has-post-thumbnail","hentry"],"acf":[],"yoast_head":"<!-- This site is optimized with the Yoast SEO plugin v26.6 - https:\/\/yoast.com\/wordpress\/plugins\/seo\/ -->\n<title>Sustainability | Culler\u00e9 Sala Structures<\/title>\n<meta name=\"robots\" content=\"index, follow, max-snippet:-1, max-image-preview:large, max-video-preview:-1\" \/>\n<link rel=\"canonical\" href=\"https:\/\/scs-structures.com\/en\/sustainability\/\" \/>\n<meta property=\"og:locale\" content=\"en_US\" \/>\n<meta property=\"og:type\" content=\"article\" \/>\n<meta property=\"og:title\" content=\"Sustainability | Culler\u00e9 Sala Structures\" \/>\n<meta property=\"og:description\" content=\"Steel is the foundation of SCS&#8217;s work, and perfectly represents the idea that sustainability should permeate all our activities and projects. The steel we use has been recycled (99%), and constitutes a clear example of a material according with the principles of the Circular Economy. At SCS we not only seek to recycle material, but [&hellip;]\" \/>\n<meta property=\"og:url\" content=\"https:\/\/scs-structures.com\/en\/sustainability\/\" \/>\n<meta property=\"og:site_name\" content=\"Culler\u00e9 Sala Structures\" \/>\n<meta property=\"article:publisher\" content=\"https:\/\/www.facebook.com\/culleresala\" \/>\n<meta property=\"article:modified_time\" content=\"2019-05-09T10:02:41+00:00\" \/>\n<meta property=\"og:image\" content=\"https:\/\/scs-structures.com\/wp-content\/uploads\/2019\/04\/SOSTENIBILITAT-destacada.jpg\" \/>\n\t<meta property=\"og:image:width\" content=\"1700\" \/>\n\t<meta property=\"og:image:height\" content=\"1700\" \/>\n\t<meta property=\"og:image:type\" content=\"image\/jpeg\" \/>\n<meta name=\"twitter:card\" content=\"summary_large_image\" \/>\n<meta name=\"twitter:site\" content=\"@CullereSala\" \/>\n<meta name=\"twitter:label1\" content=\"Est. reading time\" \/>\n\t<meta name=\"twitter:data1\" content=\"1 minute\" \/>\n<script type=\"application\/ld+json\" class=\"yoast-schema-graph\">{\"@context\":\"https:\/\/schema.org\",\"@graph\":[{\"@type\":\"WebPage\",\"@id\":\"https:\/\/scs-structures.com\/en\/sustainability\/\",\"url\":\"https:\/\/scs-structures.com\/en\/sustainability\/\",\"name\":\"Sustainability | Culler\u00e9 Sala Structures\",\"isPartOf\":{\"@id\":\"http:\/\/scs-structures.com\/en\/#website\"},\"primaryImageOfPage\":{\"@id\":\"https:\/\/scs-structures.com\/en\/sustainability\/#primaryimage\"},\"image\":{\"@id\":\"https:\/\/scs-structures.com\/en\/sustainability\/#primaryimage\"},\"thumbnailUrl\":\"https:\/\/scs-structures.com\/wp-content\/uploads\/2019\/04\/SOSTENIBILITAT-destacada.jpg\",\"datePublished\":\"2019-04-01T13:54:11+00:00\",\"dateModified\":\"2019-05-09T10:02:41+00:00\",\"breadcrumb\":{\"@id\":\"https:\/\/scs-structures.com\/en\/sustainability\/#breadcrumb\"},\"inLanguage\":\"en-US\",\"potentialAction\":[{\"@type\":\"ReadAction\",\"target\":[\"https:\/\/scs-structures.com\/en\/sustainability\/\"]}]},{\"@type\":\"ImageObject\",\"inLanguage\":\"en-US\",\"@id\":\"https:\/\/scs-structures.com\/en\/sustainability\/#primaryimage\",\"url\":\"https:\/\/scs-structures.com\/wp-content\/uploads\/2019\/04\/SOSTENIBILITAT-destacada.jpg\",\"contentUrl\":\"https:\/\/scs-structures.com\/wp-content\/uploads\/2019\/04\/SOSTENIBILITAT-destacada.jpg\",\"width\":1700,\"height\":1700},{\"@type\":\"BreadcrumbList\",\"@id\":\"https:\/\/scs-structures.com\/en\/sustainability\/#breadcrumb\",\"itemListElement\":[{\"@type\":\"ListItem\",\"position\":1,\"name\":\"Portada\",\"item\":\"https:\/\/scs-structures.com\/en\/\"},{\"@type\":\"ListItem\",\"position\":2,\"name\":\"Sustainability\"}]},{\"@type\":\"WebSite\",\"@id\":\"http:\/\/scs-structures.com\/en\/#website\",\"url\":\"http:\/\/scs-structures.com\/en\/\",\"name\":\"Culler\u00e9 Sala Structures\",\"description\":\"Estructuras met\u00e1licas, Cierres met\u00e1licos, Bigas armadas\",\"potentialAction\":[{\"@type\":\"SearchAction\",\"target\":{\"@type\":\"EntryPoint\",\"urlTemplate\":\"http:\/\/scs-structures.com\/en\/?s={search_term_string}\"},\"query-input\":{\"@type\":\"PropertyValueSpecification\",\"valueRequired\":true,\"valueName\":\"search_term_string\"}}],\"inLanguage\":\"en-US\"}]}<\/script>\n<!-- \/ Yoast SEO plugin. -->","yoast_head_json":{"title":"Sustainability | Culler\u00e9 Sala Structures","robots":{"index":"index","follow":"follow","max-snippet":"max-snippet:-1","max-image-preview":"max-image-preview:large","max-video-preview":"max-video-preview:-1"},"canonical":"https:\/\/scs-structures.com\/en\/sustainability\/","og_locale":"en_US","og_type":"article","og_title":"Sustainability | Culler\u00e9 Sala Structures","og_description":"Steel is the foundation of SCS&#8217;s work, and perfectly represents the idea that sustainability should permeate all our activities and projects. The steel we use has been recycled (99%), and constitutes a clear example of a material according with the principles of the Circular Economy. At SCS we not only seek to recycle material, but [&hellip;]","og_url":"https:\/\/scs-structures.com\/en\/sustainability\/","og_site_name":"Culler\u00e9 Sala Structures","article_publisher":"https:\/\/www.facebook.com\/culleresala","article_modified_time":"2019-05-09T10:02:41+00:00","og_image":[{"width":1700,"height":1700,"url":"https:\/\/scs-structures.com\/wp-content\/uploads\/2019\/04\/SOSTENIBILITAT-destacada.jpg","type":"image\/jpeg"}],"twitter_card":"summary_large_image","twitter_site":"@CullereSala","twitter_misc":{"Est. reading time":"1 minute"},"schema":{"@context":"https:\/\/schema.org","@graph":[{"@type":"WebPage","@id":"https:\/\/scs-structures.com\/en\/sustainability\/","url":"https:\/\/scs-structures.com\/en\/sustainability\/","name":"Sustainability | Culler\u00e9 Sala Structures","isPartOf":{"@id":"http:\/\/scs-structures.com\/en\/#website"},"primaryImageOfPage":{"@id":"https:\/\/scs-structures.com\/en\/sustainability\/#primaryimage"},"image":{"@id":"https:\/\/scs-structures.com\/en\/sustainability\/#primaryimage"},"thumbnailUrl":"https:\/\/scs-structures.com\/wp-content\/uploads\/2019\/04\/SOSTENIBILITAT-destacada.jpg","datePublished":"2019-04-01T13:54:11+00:00","dateModified":"2019-05-09T10:02:41+00:00","breadcrumb":{"@id":"https:\/\/scs-structures.com\/en\/sustainability\/#breadcrumb"},"inLanguage":"en-US","potentialAction":[{"@type":"ReadAction","target":["https:\/\/scs-structures.com\/en\/sustainability\/"]}]},{"@type":"ImageObject","inLanguage":"en-US","@id":"https:\/\/scs-structures.com\/en\/sustainability\/#primaryimage","url":"https:\/\/scs-structures.com\/wp-content\/uploads\/2019\/04\/SOSTENIBILITAT-destacada.jpg","contentUrl":"https:\/\/scs-structures.com\/wp-content\/uploads\/2019\/04\/SOSTENIBILITAT-destacada.jpg","width":1700,"height":1700},{"@type":"BreadcrumbList","@id":"https:\/\/scs-structures.com\/en\/sustainability\/#breadcrumb","itemListElement":[{"@type":"ListItem","position":1,"name":"Portada","item":"https:\/\/scs-structures.com\/en\/"},{"@type":"ListItem","position":2,"name":"Sustainability"}]},{"@type":"WebSite","@id":"http:\/\/scs-structures.com\/en\/#website","url":"http:\/\/scs-structures.com\/en\/","name":"Culler\u00e9 Sala Structures","description":"Estructuras met\u00e1licas, Cierres met\u00e1licos, Bigas armadas","potentialAction":[{"@type":"SearchAction","target":{"@type":"EntryPoint","urlTemplate":"http:\/\/scs-structures.com\/en\/?s={search_term_string}"},"query-input":{"@type":"PropertyValueSpecification","valueRequired":true,"valueName":"search_term_string"}}],"inLanguage":"en-US"}]}},"_links":{"self":[{"href":"https:\/\/scs-structures.com\/en\/wp-json\/wp\/v2\/pages\/48","targetHints":{"allow":["GET"]}}],"collection":[{"href":"https:\/\/scs-structures.com\/en\/wp-json\/wp\/v2\/pages"}],"about":[{"href":"https:\/\/scs-structures.com\/en\/wp-json\/wp\/v2\/types\/page"}],"author":[{"embeddable":true,"href":"https:\/\/scs-structures.com\/en\/wp-json\/wp\/v2\/users\/1"}],"replies":[{"embeddable":true,"href":"https:\/\/scs-structures.com\/en\/wp-json\/wp\/v2\/comments?post=48"}],"version-history":[{"count":4,"href":"https:\/\/scs-structures.com\/en\/wp-json\/wp\/v2\/pages\/48\/revisions"}],"predecessor-version":[{"id":1441,"href":"https:\/\/scs-structures.com\/en\/wp-json\/wp\/v2\/pages\/48\/revisions\/1441"}],"wp:featuredmedia":[{"embeddable":true,"href":"https:\/\/scs-structures.com\/en\/wp-json\/wp\/v2\/media\/855"}],"wp:attachment":[{"href":"https:\/\/scs-structures.com\/en\/wp-json\/wp\/v2\/media?parent=48"}],"curies":[{"name":"wp","href":"https:\/\/api.w.org\/{rel}","templated":true}]}}