{"id":24,"date":"2019-04-01T15:51:25","date_gmt":"2019-04-01T13:51:25","guid":{"rendered":"http:\/\/scs-structures.com\/soluciones\/"},"modified":"2019-05-09T14:37:18","modified_gmt":"2019-05-09T12:37:18","slug":"solutions","status":"publish","type":"page","link":"https:\/\/scs-structures.com\/en\/solutions\/","title":{"rendered":"Solutions"},"content":{"rendered":"<p>SCS offers structural solutions adapted to the needs of our customers, covering everything from industrial construction, in all its different areas, to all types of unique buildings. Our scope of work encompasses all types of metal and mixed structures, being able to offer the most suitable and optimal solutions to meet our customers&#8217; needs. We also offer a wide range of options for roofing and facades, allowing us to furnish our projects with global solutions.<\/p>\n","protected":false},"excerpt":{"rendered":"<p>SCS offers structural solutions adapted to the needs of our customers, covering everything from industrial construction, in all its different areas, to all types of unique buildings. Our scope of work encompasses all types of metal and mixed structures, being able to offer the most suitable and optimal solutions to meet our customers&#8217; needs. We [&hellip;]<\/p>\n","protected":false},"author":1,"featured_media":0,"parent":0,"menu_order":1,"comment_status":"closed","ping_status":"closed","template":"","meta":{"_acf_changed":false,"footnotes":""},"class_list":["post-24","page","type-page","status-publish","hentry"],"acf":[],"yoast_head":"<!-- This site is optimized with the Yoast SEO plugin v26.6 - https:\/\/yoast.com\/wordpress\/plugins\/seo\/ -->\n<title>Solutions | Culler\u00e9 Sala Structures<\/title>\n<meta name=\"robots\" content=\"index, follow, max-snippet:-1, max-image-preview:large, max-video-preview:-1\" \/>\n<link rel=\"canonical\" href=\"https:\/\/scs-structures.com\/en\/solutions\/\" \/>\n<meta property=\"og:locale\" content=\"en_US\" \/>\n<meta property=\"og:type\" content=\"article\" \/>\n<meta property=\"og:title\" content=\"Solutions | Culler\u00e9 Sala Structures\" \/>\n<meta property=\"og:description\" content=\"SCS offers structural solutions adapted to the needs of our customers, covering everything from industrial construction, in all its different areas, to all types of unique buildings. Our scope of work encompasses all types of metal and mixed structures, being able to offer the most suitable and optimal solutions to meet our customers&#8217; needs. We [&hellip;]\" \/>\n<meta property=\"og:url\" content=\"https:\/\/scs-structures.com\/en\/solutions\/\" \/>\n<meta property=\"og:site_name\" content=\"Culler\u00e9 Sala Structures\" \/>\n<meta property=\"article:publisher\" content=\"https:\/\/www.facebook.com\/culleresala\" \/>\n<meta property=\"article:modified_time\" content=\"2019-05-09T12:37:18+00:00\" \/>\n<meta name=\"twitter:card\" content=\"summary_large_image\" \/>\n<meta name=\"twitter:site\" content=\"@CullereSala\" \/>\n<script type=\"application\/ld+json\" class=\"yoast-schema-graph\">{\"@context\":\"https:\/\/schema.org\",\"@graph\":[{\"@type\":\"WebPage\",\"@id\":\"https:\/\/scs-structures.com\/en\/solutions\/\",\"url\":\"https:\/\/scs-structures.com\/en\/solutions\/\",\"name\":\"Solutions | Culler\u00e9 Sala Structures\",\"isPartOf\":{\"@id\":\"http:\/\/scs-structures.com\/en\/#website\"},\"datePublished\":\"2019-04-01T13:51:25+00:00\",\"dateModified\":\"2019-05-09T12:37:18+00:00\",\"breadcrumb\":{\"@id\":\"https:\/\/scs-structures.com\/en\/solutions\/#breadcrumb\"},\"inLanguage\":\"en-US\",\"potentialAction\":[{\"@type\":\"ReadAction\",\"target\":[\"https:\/\/scs-structures.com\/en\/solutions\/\"]}]},{\"@type\":\"BreadcrumbList\",\"@id\":\"https:\/\/scs-structures.com\/en\/solutions\/#breadcrumb\",\"itemListElement\":[{\"@type\":\"ListItem\",\"position\":1,\"name\":\"Portada\",\"item\":\"https:\/\/scs-structures.com\/en\/\"},{\"@type\":\"ListItem\",\"position\":2,\"name\":\"Solutions\"}]},{\"@type\":\"WebSite\",\"@id\":\"http:\/\/scs-structures.com\/en\/#website\",\"url\":\"http:\/\/scs-structures.com\/en\/\",\"name\":\"Culler\u00e9 Sala Structures\",\"description\":\"Estructuras met\u00e1licas, Cierres met\u00e1licos, Bigas armadas\",\"potentialAction\":[{\"@type\":\"SearchAction\",\"target\":{\"@type\":\"EntryPoint\",\"urlTemplate\":\"http:\/\/scs-structures.com\/en\/?s={search_term_string}\"},\"query-input\":{\"@type\":\"PropertyValueSpecification\",\"valueRequired\":true,\"valueName\":\"search_term_string\"}}],\"inLanguage\":\"en-US\"}]}<\/script>\n<!-- \/ Yoast SEO plugin. -->","yoast_head_json":{"title":"Solutions | Culler\u00e9 Sala Structures","robots":{"index":"index","follow":"follow","max-snippet":"max-snippet:-1","max-image-preview":"max-image-preview:large","max-video-preview":"max-video-preview:-1"},"canonical":"https:\/\/scs-structures.com\/en\/solutions\/","og_locale":"en_US","og_type":"article","og_title":"Solutions | Culler\u00e9 Sala Structures","og_description":"SCS offers structural solutions adapted to the needs of our customers, covering everything from industrial construction, in all its different areas, to all types of unique buildings. Our scope of work encompasses all types of metal and mixed structures, being able to offer the most suitable and optimal solutions to meet our customers&#8217; needs. We [&hellip;]","og_url":"https:\/\/scs-structures.com\/en\/solutions\/","og_site_name":"Culler\u00e9 Sala Structures","article_publisher":"https:\/\/www.facebook.com\/culleresala","article_modified_time":"2019-05-09T12:37:18+00:00","twitter_card":"summary_large_image","twitter_site":"@CullereSala","schema":{"@context":"https:\/\/schema.org","@graph":[{"@type":"WebPage","@id":"https:\/\/scs-structures.com\/en\/solutions\/","url":"https:\/\/scs-structures.com\/en\/solutions\/","name":"Solutions | Culler\u00e9 Sala Structures","isPartOf":{"@id":"http:\/\/scs-structures.com\/en\/#website"},"datePublished":"2019-04-01T13:51:25+00:00","dateModified":"2019-05-09T12:37:18+00:00","breadcrumb":{"@id":"https:\/\/scs-structures.com\/en\/solutions\/#breadcrumb"},"inLanguage":"en-US","potentialAction":[{"@type":"ReadAction","target":["https:\/\/scs-structures.com\/en\/solutions\/"]}]},{"@type":"BreadcrumbList","@id":"https:\/\/scs-structures.com\/en\/solutions\/#breadcrumb","itemListElement":[{"@type":"ListItem","position":1,"name":"Portada","item":"https:\/\/scs-structures.com\/en\/"},{"@type":"ListItem","position":2,"name":"Solutions"}]},{"@type":"WebSite","@id":"http:\/\/scs-structures.com\/en\/#website","url":"http:\/\/scs-structures.com\/en\/","name":"Culler\u00e9 Sala Structures","description":"Estructuras met\u00e1licas, Cierres met\u00e1licos, Bigas armadas","potentialAction":[{"@type":"SearchAction","target":{"@type":"EntryPoint","urlTemplate":"http:\/\/scs-structures.com\/en\/?s={search_term_string}"},"query-input":{"@type":"PropertyValueSpecification","valueRequired":true,"valueName":"search_term_string"}}],"inLanguage":"en-US"}]}},"_links":{"self":[{"href":"https:\/\/scs-structures.com\/en\/wp-json\/wp\/v2\/pages\/24","targetHints":{"allow":["GET"]}}],"collection":[{"href":"https:\/\/scs-structures.com\/en\/wp-json\/wp\/v2\/pages"}],"about":[{"href":"https:\/\/scs-structures.com\/en\/wp-json\/wp\/v2\/types\/page"}],"author":[{"embeddable":true,"href":"https:\/\/scs-structures.com\/en\/wp-json\/wp\/v2\/users\/1"}],"replies":[{"embeddable":true,"href":"https:\/\/scs-structures.com\/en\/wp-json\/wp\/v2\/comments?post=24"}],"version-history":[{"count":4,"href":"https:\/\/scs-structures.com\/en\/wp-json\/wp\/v2\/pages\/24\/revisions"}],"predecessor-version":[{"id":1444,"href":"https:\/\/scs-structures.com\/en\/wp-json\/wp\/v2\/pages\/24\/revisions\/1444"}],"wp:attachment":[{"href":"https:\/\/scs-structures.com\/en\/wp-json\/wp\/v2\/media?parent=24"}],"curies":[{"name":"wp","href":"https:\/\/api.w.org\/{rel}","templated":true}]}}