{"id":86,"date":"2019-04-01T16:01:25","date_gmt":"2019-04-01T14:01:25","guid":{"rendered":"http:\/\/scs-structures.com\/politica-de-cookies\/"},"modified":"2019-05-06T12:11:10","modified_gmt":"2019-05-06T10:11:10","slug":"politica-de-cookies","status":"publish","type":"page","link":"https:\/\/scs-structures.com\/ca\/politica-de-cookies\/","title":{"rendered":"Pol\u00edtica de cookies"},"content":{"rendered":"<h3>Informaci\u00f3 en compliment de la normativa de protecci\u00f3 de dades personals.<\/h3>\n<h3>Qu\u00e8 s\u00f3n les cookies i per a qu\u00e8 les fem servir?<\/h3>\n<p>Una cookie o galeta inform\u00e0tica \u00e9s un petit arxiu d\u2019informaci\u00f3 que es guarda en el seu navegador cada vegada que visita la nostre p\u00e0gina web.<\/p>\n<p>La utilitat de les cookies \u00e9s guardar l\u2019historial de la seva activitat en la nostre p\u00e0gina web, de manera que, quan la visiti un altre cop, aquesta pugui identificar-li i configurar el contingut de la mateixa en base als seus h\u00e0bits de navegaci\u00f3, identitat i prefer\u00e8ncies.<\/p>\n<p>Una cookie \u00e9s inofensiva, no cont\u00e9 codi malici\u00f3s o malintencionat (ej. Virus, troians, cucs, etc.) que pugui danyar el seu terminal (ordinador, smartphone, tauleta, etc.), per\u00f2 si que te cert impacte sobre el seu dret a la protecci\u00f3 de les seves dades, doncs recull determinada informaci\u00f3 pertanyent a la seva persona (h\u00e0bits de navegaci\u00f3, identitat, prefer\u00e8ncies, etc.).<\/p>\n<h3>Quina informaci\u00f3 guarda una cookie?<\/h3>\n<p>Les cookies no soles recollir categories especials de dades personals (dades sensibles). Les dades que guarden s\u00f3n de car\u00e0cter t\u00e8cnic, prefer\u00e8ncies personals, personalitzaci\u00f3 de contingut, etc.<\/p>\n<h3>Quins tipus de cookies existeixen?<\/h3>\n<p>De car\u00e0cter general, existeixen cinc tipus de cookies:<\/p>\n<ul>\n<li><strong>Cookies t\u00e8cniques:<\/strong><br \/>\nS\u00f3n les m\u00e9s b\u00e0siques. Permeten a l\u2019usuari la navegaci\u00f3 a trav\u00e9s d\u2019una p\u00e0gina web, plataforma o aplicaci\u00f3 i la utilitzaci\u00f3 de les diferents opcions o serveis que en ella hi hagi com, per exemple, controlar el tr\u00e0nsit i la comunicaci\u00f3 de dades, identificar la sessi\u00f3, accedir a parts d\u2019acc\u00e9s restringit, recordar els elements que integren una comanda, realitzar el proc\u00e9s de compra d\u2019una comanda, realitzar la sol\u00b7licitud d\u2019inscripci\u00f3 o participaci\u00f3 en un esdeveniment, utilitzar elements de seguretat durant la navegaci\u00f3, emmagatzemar continguts per a la difusi\u00f3 de v\u00eddeos o so o compartir continguts a trav\u00e9s de xarxes socials.<\/li>\n<li><strong>Cookies de personalitzaci\u00f3:<\/strong><br \/>\nS\u00f3n aquelles que permeten a l\u2019usuari accedir al servei amb algunes caracter\u00edstiques de car\u00e0cter general predefinides en funci\u00f3 d\u2019una s\u00e8rie de criteris en el terminal de l\u2019usuari com ara serien l\u2019idioma, el tipus de navegador a trav\u00e9s del qual s\u2019accedeix al servei, la configuraci\u00f3 regional des d\u2019on accedeix al servei, etc.<\/li>\n<li><strong>Cookies d\u2019an\u00e0lisis:<\/strong><br \/>\nS\u00f3n aquelles que permeten al responsable de les mateixes, el seguiment i an\u00e0lisi del comportament dels usuaris dels llocs web als que estan vinculades. La informaci\u00f3 recollida mitjan\u00e7ant aquest tipus de galetes s\u2019utilitza en el mesurament de l\u2019activitat dels llocs web, aplicaci\u00f3 o plataforma i per a l\u2019elaboraci\u00f3 de perfils de navegaci\u00f3 dels usuaris d\u2019aquests llocs, aplicacions i plataformes, per tal d\u2019introduir millores en funci\u00f3 de l\u2019an\u00e0lisi de les dades d\u2019\u00fas que fan els usuaris del servei.<\/li>\n<li><strong>Cookies publicit\u00e0ries:<\/strong><br \/>\nS\u00f3n aquelles que permeten la gesti\u00f3 , de la manera m\u00e9s efica\u00e7 possible , dels espais publicitaris que , si escau , l\u2019editor hagi incl\u00f2s en una p\u00e0gina web, aplicaci\u00f3 o plataforma des de la que presta el servei sol\u00b7licitat basant-se en criteris com el contingut editat o la frequ\u0308\u00e8ncia en qu\u00e8 es mostren els anuncis.<\/li>\n<li><strong>Cookies de publicitat comportamental:<\/strong><br \/>\nS\u00f3n aquelles que permeten la gesti\u00f3, de la manera m\u00e9s efica\u00e7 possible, dels espais publicitaris que, si escau, l\u2019editor hagi incl\u00f2s en una p\u00e0gina web, aplicaci\u00f3 o plataforma des de la que presta el servei sol\u00b7licitat. Aquestes galetes emmagatzemen informaci\u00f3 del comportament dels usuaris obtinguda a trav\u00e9s de l\u2019observaci\u00f3 continuada dels seus h\u00e0bits de navegaci\u00f3, el que permet desenvolupar un perfil espec\u00edfic per mostrar publicitat en funci\u00f3 del mateix.<\/li>\n<\/ul>\n<h3>Qu\u00e8 s\u00f3n les cookies pr\u00f2pies i les de tercers?<\/h3>\n<ul>\n<li><strong>Cookies pr\u00f2pies:<\/strong><br \/>\nLes cookies pr\u00f2pies s\u00f3n aquelles que es generen i gestionen per el propi responsable que presta el servei sol\u00b7licitat per l\u2019usuari.<\/li>\n<li><strong>Cookies de tercers:<\/strong><br \/>\nS\u00f3n aquelles que es generen per altres entitats diferents al propi responsable (serveis o prove\u00efdors externs, com per exemple Google).<\/li>\n<\/ul>\n<h3>Quin tipus de cookies guarda la nostra p\u00e0gina web?<\/h3>\n<p>A continuaci\u00f3, procedim a relacionar el tipus de cookies que guarda la nostra p\u00e0gina web i la finalitat d\u2019aquestes:<\/p>\n<div class=\"div-table\">\n<table style=\"border-collapse: collapse; width: 100%;\" border=\"1\">\n<tbody>\n<tr style=\"height: 24px;\">\n<td style=\"width: 20%; height: 24px;\">Nom i tipus<\/td>\n<td style=\"width: 20%; height: 24px;\">Finalitat<\/td>\n<td style=\"width: 20%; height: 24px;\">Quan i com es guarda<\/td>\n<\/tr>\n<tr style=\"height: 24px;\">\n<td style=\"width: 20%; height: 24px;\">__utma (An\u00e0lisis)<\/td>\n<td style=\"width: 20%; height: 24px;\">S\u2019utilitza per a distingir usuaris i sessions. La cookies es crea quan s\u2019executa la biblioteca JavaScript i no hi ha cap cookie _utma. La cookie s\u2019actualitza cada vegada que s\u2019envien dades a Google Analytics.<\/td>\n<td style=\"width: 20%; height: 24px;\">Caducitat: 2 anys.<br \/>\nClasse: Tercers.<\/td>\n<\/tr>\n<tr style=\"height: 24px;\">\n<td style=\"width: 20%; height: 24px;\">__utmb (An\u00e0lisis)<\/td>\n<td style=\"width: 20%; height: 24px;\">S\u2019utilitza per a determinar noves sessions o visites. La cookie es crea quan s\u2019executa la biblioteca JavaScript i no hi ha cap cookie _utmb. La cookie s\u2019actualitza cada vegada que s\u2019envien dades a Google Analytics.<\/td>\n<td style=\"width: 20%; height: 24px;\">Caducitat: 30 min.<br \/>\nClasse: Tercers<\/td>\n<\/tr>\n<tr style=\"height: 24px;\">\n<td style=\"width: 20%; height: 24px;\">__utmc (An\u00e0lisis)<\/td>\n<td style=\"width: 20%; height: 24px;\">No s\u2019utilitza e ga.js. Es configura per interactuar amb urchin.js. Anteriorment, aquesta cookie actuava juntament amb la cookie _utmb per a determinar si l\u2019usuari estava en una nova sessi\u00f3 o visita.<\/td>\n<td style=\"width: 20%; height: 24px;\">Caducitat: Final de la sessi\u00f3 del navegador.<br \/>\nClasse: Tercers<\/td>\n<\/tr>\n<tr style=\"height: 24px;\">\n<td style=\"width: 20%; height: 24px;\">__utmt (An\u00e0lisis)<\/td>\n<td style=\"width: 20%; height: 24px;\">S\u2019utilitza per limitar el percentatge de solicituts.<\/td>\n<td style=\"width: 20%; height: 24px;\">Caducitat: 10 min.<br \/>\nClasse: Tercers<\/td>\n<\/tr>\n<tr style=\"height: 24px;\">\n<td style=\"width: 20%; height: 24px;\">__utmz (An\u00e0lisis)<\/td>\n<td style=\"width: 20%; height: 24px;\">Emmagatzema la font de tr\u00e0fic o la campanya que explica com ha arribat l\u2019usuari al lloc.<\/td>\n<td style=\"width: 20%; height: 24px;\">Caducitat: 6 mesos.<br \/>\nClasse: Tercers<\/td>\n<\/tr>\n<tr style=\"height: 24px;\">\n<td style=\"width: 20%; height: 24px;\">_ga (T\u00e8cnica)<\/td>\n<td style=\"width: 20%; height: 24px;\">S\u2019utilitza per distingir als usuaris.<\/td>\n<td style=\"width: 20%; height: 24px;\">Caducitat: 2 anys.<br \/>\nClasse: Tercers<\/td>\n<\/tr>\n<tr style=\"height: 24px;\">\n<td style=\"width: 20%; height: 24px;\">_gat (T\u00e8cnica)<\/td>\n<td style=\"width: 20%; height: 24px;\">S\u2019utiliza per limitar el percentatge de sol\u00b7licituds. Si has implementat Google Analytics mitjan\u00e7ant Google Tag Manager.<\/td>\n<td style=\"width: 20%; height: 24px;\">Caducitat: 1 min.<br \/>\nClasse: Tercers<\/td>\n<\/tr>\n<tr style=\"height: 24px;\">\n<td style=\"width: 20%; height: 24px;\">_gid (T\u00e8cnica)<\/td>\n<td style=\"width: 20%; height: 24px;\">S\u2019utilitza per distingir als usuaris.<\/td>\n<td style=\"width: 20%; height: 24px;\">Caducitat: 24h.<br \/>\nClasse: Tercers<\/td>\n<\/tr>\n<tr style=\"height: 24px;\">\n<td style=\"width: 20%; height: 24px;\">apnid (An\u00e0lisis)<\/td>\n<td style=\"width: 20%; height: 24px;\">Ens permet explicar les visites i les fonts de tr\u00e0fic per a que puguem mesurar i millorar el rendiment del nostre lloc.<\/td>\n<td style=\"width: 20%; height: 24px;\">Caducidad: 6 meses a 2 a\u00f1os.<br \/>\nClasse: Tercers<\/td>\n<\/tr>\n<tr style=\"height: 24px;\">\n<td style=\"width: 20%; height: 24px;\">cid (An\u00e0lisis)<\/td>\n<td style=\"width: 20%; height: 24px;\">Ens permet explicar les visites i les fonts de tr\u00e0fic per a que puguem mesurar i millorar el rendiment del nostre lloc.<\/td>\n<td style=\"width: 20%; height: 24px;\">Caducitat: 5 anys.<br \/>\nClasse: Tercers<\/td>\n<\/tr>\n<tr style=\"height: 24px;\">\n<td style=\"width: 20%; height: 24px;\">gid (An\u00e0lisis)<\/td>\n<td style=\"width: 20%; height: 24px;\">Ens permet explicar les visites i les fonts de tr\u00e0fic per a que puguem mesurar i millorar el rendiment del nostre lloc.<\/td>\n<td style=\"width: 20%; height: 24px;\">Caducitat: 1 dia.<br \/>\nClasse: Tercers<\/td>\n<\/tr>\n<tr style=\"height: 24px;\">\n<td style=\"width: 20%; height: 24px;\">scs<br \/>\n_cookies<br \/>\n_accept (T\u00e8cnica)<\/td>\n<td style=\"width: 20%; height: 24px;\">Aquesta cookie t\u00e8cnica ens permet con\u00e8ixer si ja se li ha mostrat l\u2019av\u00eds de pol\u00edtica de cookies del nostre Lloc Web per no mostrar-lo de nou.<\/td>\n<td style=\"width: 20%; height: 24px;\">Caducitat: 5 anys.<br \/>\nClasse: Pr\u00f2pia<\/td>\n<\/tr>\n<\/tbody>\n<\/table>\n<\/div>\n<h3>Qu\u00e8 puc fer amb les cookies?<\/h3>\n<p>Les cookies poden ser esborrades, acceptades o bloquejades, segons desitgi, per aix\u00f2 nom\u00e9s ha de configurar convenientment el navegador web.<\/p>\n<p>En qualsevol moment, pot impedir la instal\u00b7laci\u00f3 de cookies (bloqueig) en el seu equip mitjan\u00e7ant l\u2019opci\u00f3 corresponent en el seu navegador, per\u00f2 en aquest cas no podem assegurar-li el correcte funcionament de les diferents funcionalitats de la nostra p\u00e0gina web.<\/p>\n<p>A continuaci\u00f3 li facilitem els enlla\u00e7os per a la gesti\u00f3 i el bloqueig de les cookies depenent del navegador que utilitzi:<\/p>\n<ul>\n<li><strong>Internet Explorer:<\/strong> <a href=\"http:\/\/windows.microsoft.com\/es-xl\/internet-explorer\/delete-manage-cookies#ie=ie-10\">http:\/\/windows.microsoft.com\/es-xl\/internet-explorer\/delete-manage-cookies#ie=ie-10<\/a><\/li>\n<li><strong>FireFox:<\/strong>\u00a0<a href=\"http:\/\/support.mozilla.org\/es\/kb\/habilitar-y-deshabilitar-cookies-que-los-sitios-we\">http:\/\/support.mozilla.org\/es\/kb\/habilitar-y-deshabilitar-cookies-que-los-sitios-we<\/a><\/li>\n<li><strong>Chrome:<\/strong>\u00a0<a href=\"https:\/\/support.google.com\/chrome\/answer\/95647?hl=es\">https:\/\/support.google.com\/chrome\/answer\/95647?hl=es<\/a><\/li>\n<li><strong>Safari:<\/strong>\u00a0<a href=\"https:\/\/www.apple.com\/legal\/privacy\/es\/cookies\/\">https:\/\/www.apple.com\/legal\/privacy\/es\/cookies\/<\/a><\/li>\n<\/ul>\n<p>Tamb\u00e9 pot esborrar les cookies que tingui guardades en el seu navegador accedint a les opcions de configuraci\u00f3 d\u2019aquest.<\/p>\n","protected":false},"excerpt":{"rendered":"<p>Informaci\u00f3 en compliment de la normativa de protecci\u00f3 de dades personals. Qu\u00e8 s\u00f3n les cookies i per a qu\u00e8 les fem servir? Una cookie o galeta inform\u00e0tica \u00e9s un petit arxiu d\u2019informaci\u00f3 que es guarda en el seu navegador cada vegada que visita la nostre p\u00e0gina web. La utilitat de les cookies \u00e9s guardar l\u2019historial [&hellip;]<\/p>\n","protected":false},"author":1,"featured_media":0,"parent":0,"menu_order":10,"comment_status":"closed","ping_status":"closed","template":"","meta":{"_acf_changed":false,"footnotes":""},"class_list":["post-86","page","type-page","status-publish","hentry"],"acf":[],"yoast_head":"<!-- This site is optimized with the Yoast SEO plugin v26.6 - https:\/\/yoast.com\/wordpress\/plugins\/seo\/ -->\n<title>Pol\u00edtica de cookies | Culler\u00e9 Sala Structures<\/title>\n<meta name=\"robots\" content=\"index, follow, max-snippet:-1, max-image-preview:large, max-video-preview:-1\" \/>\n<link rel=\"canonical\" href=\"https:\/\/scs-structures.com\/ca\/politica-de-cookies\/\" \/>\n<meta property=\"og:locale\" content=\"ca_ES\" \/>\n<meta property=\"og:type\" content=\"article\" \/>\n<meta property=\"og:title\" content=\"Pol\u00edtica de cookies | Culler\u00e9 Sala Structures\" \/>\n<meta property=\"og:description\" content=\"Informaci\u00f3 en compliment de la normativa de protecci\u00f3 de dades personals. Qu\u00e8 s\u00f3n les cookies i per a qu\u00e8 les fem servir? Una cookie o galeta inform\u00e0tica \u00e9s un petit arxiu d\u2019informaci\u00f3 que es guarda en el seu navegador cada vegada que visita la nostre p\u00e0gina web. La utilitat de les cookies \u00e9s guardar l\u2019historial [&hellip;]\" \/>\n<meta property=\"og:url\" content=\"https:\/\/scs-structures.com\/ca\/politica-de-cookies\/\" \/>\n<meta property=\"og:site_name\" content=\"Culler\u00e9 Sala Structures\" \/>\n<meta property=\"article:publisher\" content=\"https:\/\/www.facebook.com\/culleresala\" \/>\n<meta property=\"article:modified_time\" content=\"2019-05-06T10:11:10+00:00\" \/>\n<meta name=\"twitter:card\" content=\"summary_large_image\" \/>\n<meta name=\"twitter:site\" content=\"@CullereSala\" \/>\n<meta name=\"twitter:label1\" content=\"Temps estimat de lectura\" \/>\n\t<meta name=\"twitter:data1\" content=\"6 minuts\" \/>\n<script type=\"application\/ld+json\" class=\"yoast-schema-graph\">{\"@context\":\"https:\/\/schema.org\",\"@graph\":[{\"@type\":\"WebPage\",\"@id\":\"https:\/\/scs-structures.com\/ca\/politica-de-cookies\/\",\"url\":\"https:\/\/scs-structures.com\/ca\/politica-de-cookies\/\",\"name\":\"Pol\u00edtica de cookies | Culler\u00e9 Sala Structures\",\"isPartOf\":{\"@id\":\"http:\/\/scs-structures.com\/ca\/#website\"},\"datePublished\":\"2019-04-01T14:01:25+00:00\",\"dateModified\":\"2019-05-06T10:11:10+00:00\",\"breadcrumb\":{\"@id\":\"https:\/\/scs-structures.com\/ca\/politica-de-cookies\/#breadcrumb\"},\"inLanguage\":\"ca\",\"potentialAction\":[{\"@type\":\"ReadAction\",\"target\":[\"https:\/\/scs-structures.com\/ca\/politica-de-cookies\/\"]}]},{\"@type\":\"BreadcrumbList\",\"@id\":\"https:\/\/scs-structures.com\/ca\/politica-de-cookies\/#breadcrumb\",\"itemListElement\":[{\"@type\":\"ListItem\",\"position\":1,\"name\":\"Portada\",\"item\":\"http:\/\/scs-structures.com\/ca\/\"},{\"@type\":\"ListItem\",\"position\":2,\"name\":\"Pol\u00edtica de cookies\"}]},{\"@type\":\"WebSite\",\"@id\":\"http:\/\/scs-structures.com\/ca\/#website\",\"url\":\"http:\/\/scs-structures.com\/ca\/\",\"name\":\"Culler\u00e9 Sala Structures\",\"description\":\"Estructuras met\u00e1licas, Cierres met\u00e1licos, Bigas armadas\",\"potentialAction\":[{\"@type\":\"SearchAction\",\"target\":{\"@type\":\"EntryPoint\",\"urlTemplate\":\"http:\/\/scs-structures.com\/ca\/?s={search_term_string}\"},\"query-input\":{\"@type\":\"PropertyValueSpecification\",\"valueRequired\":true,\"valueName\":\"search_term_string\"}}],\"inLanguage\":\"ca\"}]}<\/script>\n<!-- \/ Yoast SEO plugin. -->","yoast_head_json":{"title":"Pol\u00edtica de cookies | Culler\u00e9 Sala Structures","robots":{"index":"index","follow":"follow","max-snippet":"max-snippet:-1","max-image-preview":"max-image-preview:large","max-video-preview":"max-video-preview:-1"},"canonical":"https:\/\/scs-structures.com\/ca\/politica-de-cookies\/","og_locale":"ca_ES","og_type":"article","og_title":"Pol\u00edtica de cookies | Culler\u00e9 Sala Structures","og_description":"Informaci\u00f3 en compliment de la normativa de protecci\u00f3 de dades personals. Qu\u00e8 s\u00f3n les cookies i per a qu\u00e8 les fem servir? Una cookie o galeta inform\u00e0tica \u00e9s un petit arxiu d\u2019informaci\u00f3 que es guarda en el seu navegador cada vegada que visita la nostre p\u00e0gina web. La utilitat de les cookies \u00e9s guardar l\u2019historial [&hellip;]","og_url":"https:\/\/scs-structures.com\/ca\/politica-de-cookies\/","og_site_name":"Culler\u00e9 Sala Structures","article_publisher":"https:\/\/www.facebook.com\/culleresala","article_modified_time":"2019-05-06T10:11:10+00:00","twitter_card":"summary_large_image","twitter_site":"@CullereSala","twitter_misc":{"Temps estimat de lectura":"6 minuts"},"schema":{"@context":"https:\/\/schema.org","@graph":[{"@type":"WebPage","@id":"https:\/\/scs-structures.com\/ca\/politica-de-cookies\/","url":"https:\/\/scs-structures.com\/ca\/politica-de-cookies\/","name":"Pol\u00edtica de cookies | Culler\u00e9 Sala Structures","isPartOf":{"@id":"http:\/\/scs-structures.com\/ca\/#website"},"datePublished":"2019-04-01T14:01:25+00:00","dateModified":"2019-05-06T10:11:10+00:00","breadcrumb":{"@id":"https:\/\/scs-structures.com\/ca\/politica-de-cookies\/#breadcrumb"},"inLanguage":"ca","potentialAction":[{"@type":"ReadAction","target":["https:\/\/scs-structures.com\/ca\/politica-de-cookies\/"]}]},{"@type":"BreadcrumbList","@id":"https:\/\/scs-structures.com\/ca\/politica-de-cookies\/#breadcrumb","itemListElement":[{"@type":"ListItem","position":1,"name":"Portada","item":"http:\/\/scs-structures.com\/ca\/"},{"@type":"ListItem","position":2,"name":"Pol\u00edtica de cookies"}]},{"@type":"WebSite","@id":"http:\/\/scs-structures.com\/ca\/#website","url":"http:\/\/scs-structures.com\/ca\/","name":"Culler\u00e9 Sala Structures","description":"Estructuras met\u00e1licas, Cierres met\u00e1licos, Bigas armadas","potentialAction":[{"@type":"SearchAction","target":{"@type":"EntryPoint","urlTemplate":"http:\/\/scs-structures.com\/ca\/?s={search_term_string}"},"query-input":{"@type":"PropertyValueSpecification","valueRequired":true,"valueName":"search_term_string"}}],"inLanguage":"ca"}]}},"_links":{"self":[{"href":"https:\/\/scs-structures.com\/ca\/wp-json\/wp\/v2\/pages\/86","targetHints":{"allow":["GET"]}}],"collection":[{"href":"https:\/\/scs-structures.com\/ca\/wp-json\/wp\/v2\/pages"}],"about":[{"href":"https:\/\/scs-structures.com\/ca\/wp-json\/wp\/v2\/types\/page"}],"author":[{"embeddable":true,"href":"https:\/\/scs-structures.com\/ca\/wp-json\/wp\/v2\/users\/1"}],"replies":[{"embeddable":true,"href":"https:\/\/scs-structures.com\/ca\/wp-json\/wp\/v2\/comments?post=86"}],"version-history":[{"count":2,"href":"https:\/\/scs-structures.com\/ca\/wp-json\/wp\/v2\/pages\/86\/revisions"}],"predecessor-version":[{"id":1254,"href":"https:\/\/scs-structures.com\/ca\/wp-json\/wp\/v2\/pages\/86\/revisions\/1254"}],"wp:attachment":[{"href":"https:\/\/scs-structures.com\/ca\/wp-json\/wp\/v2\/media?parent=86"}],"curies":[{"name":"wp","href":"https:\/\/api.w.org\/{rel}","templated":true}]}}