{"id":55,"date":"2019-04-01T15:55:33","date_gmt":"2019-04-01T13:55:33","guid":{"rendered":"http:\/\/scs-structures.com\/calidad\/"},"modified":"2023-02-02T19:02:22","modified_gmt":"2023-02-02T18:02:22","slug":"qualitat","status":"publish","type":"page","link":"https:\/\/scs-structures.com\/ca\/qualitat\/","title":{"rendered":"Qualitat"},"content":{"rendered":"<p>La millora cont\u00ednua dels nostres est\u00e0ndards de qualitat ha estat des de l\u2019inici de l\u2019empresa la constant que permet adaptar-nos a les creixents necessitats dels nostres clients i les exig\u00e8ncies normatives de tots els mercats en els que treballem.<\/p>\n<p>En aquest sentit, des de l\u2019aparici\u00f3 de la norma europea pel marcatge CE de les estructures (EN1090), SCS va certificar-se amb el m\u00e0xim grau de la norma, EXC4, i aix\u00f2 ens permet realitzar qualsevol tipus d\u2019estructura met\u00e0l\u2022lica segons els criteris de disseny i fabricaci\u00f3 m\u00e9s exigents.<\/p>\n<p>A SCS entenem la qualitat no nom\u00e9s com una exig\u00e8ncia a complir sin\u00f3 com un motor de millora de l\u2019empresa i que ens permet ser capdavanters en la capacitat de respondre als nous reptes que ens plantegen els clients. En aquest sentit SCS treballa segons la normativa ISO9001.<\/p>\n<p>A SCS disposem de la maquin\u00e0ria m\u00e9s avan\u00e7ada per realitzar qualsevol tipus de projecte amb els m\u00e9s alts nivells de qualitat. Disposem d\u2019equips de control num\u00e8ric de tall i mecanitzat de bigues i maquin\u00e0ria de oxitallada, plasma i taladrat de plaques.<\/p>\n","protected":false},"excerpt":{"rendered":"<p>La millora cont\u00ednua dels nostres est\u00e0ndards de qualitat ha estat des de l\u2019inici de l\u2019empresa la constant que permet adaptar-nos a les creixents necessitats dels nostres clients i les exig\u00e8ncies normatives de tots els mercats en els que treballem. En aquest sentit, des de l\u2019aparici\u00f3 de la norma europea pel marcatge CE de les estructures [&hellip;]<\/p>\n","protected":false},"author":1,"featured_media":859,"parent":0,"menu_order":6,"comment_status":"closed","ping_status":"closed","template":"","meta":{"_acf_changed":false,"footnotes":""},"class_list":["post-55","page","type-page","status-publish","has-post-thumbnail","hentry"],"acf":[],"yoast_head":"<!-- This site is optimized with the Yoast SEO plugin v26.6 - https:\/\/yoast.com\/wordpress\/plugins\/seo\/ -->\n<title>Qualitat | Culler\u00e9 Sala Structures<\/title>\n<meta name=\"robots\" content=\"index, follow, max-snippet:-1, max-image-preview:large, max-video-preview:-1\" \/>\n<link rel=\"canonical\" href=\"https:\/\/scs-structures.com\/ca\/qualitat\/\" \/>\n<meta property=\"og:locale\" content=\"ca_ES\" \/>\n<meta property=\"og:type\" content=\"article\" \/>\n<meta property=\"og:title\" content=\"Qualitat | Culler\u00e9 Sala Structures\" \/>\n<meta property=\"og:description\" content=\"La millora cont\u00ednua dels nostres est\u00e0ndards de qualitat ha estat des de l\u2019inici de l\u2019empresa la constant que permet adaptar-nos a les creixents necessitats dels nostres clients i les exig\u00e8ncies normatives de tots els mercats en els que treballem. En aquest sentit, des de l\u2019aparici\u00f3 de la norma europea pel marcatge CE de les estructures [&hellip;]\" \/>\n<meta property=\"og:url\" content=\"https:\/\/scs-structures.com\/ca\/qualitat\/\" \/>\n<meta property=\"og:site_name\" content=\"Culler\u00e9 Sala Structures\" \/>\n<meta property=\"article:publisher\" content=\"https:\/\/www.facebook.com\/culleresala\" \/>\n<meta property=\"article:modified_time\" content=\"2023-02-02T18:02:22+00:00\" \/>\n<meta property=\"og:image\" content=\"http:\/\/scs-structures.com\/wp-content\/uploads\/2019\/04\/Qualitat-destacada-1024x1024.jpg\" \/>\n\t<meta property=\"og:image:width\" content=\"1024\" \/>\n\t<meta property=\"og:image:height\" content=\"1024\" \/>\n\t<meta property=\"og:image:type\" content=\"image\/jpeg\" \/>\n<meta name=\"twitter:card\" content=\"summary_large_image\" \/>\n<meta name=\"twitter:site\" content=\"@CullereSala\" \/>\n<meta name=\"twitter:label1\" content=\"Temps estimat de lectura\" \/>\n\t<meta name=\"twitter:data1\" content=\"1 minut\" \/>\n<script type=\"application\/ld+json\" class=\"yoast-schema-graph\">{\"@context\":\"https:\/\/schema.org\",\"@graph\":[{\"@type\":\"WebPage\",\"@id\":\"https:\/\/scs-structures.com\/ca\/qualitat\/\",\"url\":\"https:\/\/scs-structures.com\/ca\/qualitat\/\",\"name\":\"Qualitat | Culler\u00e9 Sala Structures\",\"isPartOf\":{\"@id\":\"http:\/\/scs-structures.com\/ca\/#website\"},\"primaryImageOfPage\":{\"@id\":\"https:\/\/scs-structures.com\/ca\/qualitat\/#primaryimage\"},\"image\":{\"@id\":\"https:\/\/scs-structures.com\/ca\/qualitat\/#primaryimage\"},\"thumbnailUrl\":\"https:\/\/scs-structures.com\/wp-content\/uploads\/2019\/04\/Qualitat-destacada.jpg\",\"datePublished\":\"2019-04-01T13:55:33+00:00\",\"dateModified\":\"2023-02-02T18:02:22+00:00\",\"breadcrumb\":{\"@id\":\"https:\/\/scs-structures.com\/ca\/qualitat\/#breadcrumb\"},\"inLanguage\":\"ca\",\"potentialAction\":[{\"@type\":\"ReadAction\",\"target\":[\"https:\/\/scs-structures.com\/ca\/qualitat\/\"]}]},{\"@type\":\"ImageObject\",\"inLanguage\":\"ca\",\"@id\":\"https:\/\/scs-structures.com\/ca\/qualitat\/#primaryimage\",\"url\":\"https:\/\/scs-structures.com\/wp-content\/uploads\/2019\/04\/Qualitat-destacada.jpg\",\"contentUrl\":\"https:\/\/scs-structures.com\/wp-content\/uploads\/2019\/04\/Qualitat-destacada.jpg\",\"width\":1700,\"height\":1700},{\"@type\":\"BreadcrumbList\",\"@id\":\"https:\/\/scs-structures.com\/ca\/qualitat\/#breadcrumb\",\"itemListElement\":[{\"@type\":\"ListItem\",\"position\":1,\"name\":\"Portada\",\"item\":\"http:\/\/scs-structures.com\/ca\/\"},{\"@type\":\"ListItem\",\"position\":2,\"name\":\"Qualitat\"}]},{\"@type\":\"WebSite\",\"@id\":\"http:\/\/scs-structures.com\/ca\/#website\",\"url\":\"http:\/\/scs-structures.com\/ca\/\",\"name\":\"Culler\u00e9 Sala Structures\",\"description\":\"Estructuras met\u00e1licas, Cierres met\u00e1licos, Bigas armadas\",\"potentialAction\":[{\"@type\":\"SearchAction\",\"target\":{\"@type\":\"EntryPoint\",\"urlTemplate\":\"http:\/\/scs-structures.com\/ca\/?s={search_term_string}\"},\"query-input\":{\"@type\":\"PropertyValueSpecification\",\"valueRequired\":true,\"valueName\":\"search_term_string\"}}],\"inLanguage\":\"ca\"}]}<\/script>\n<!-- \/ Yoast SEO plugin. -->","yoast_head_json":{"title":"Qualitat | Culler\u00e9 Sala Structures","robots":{"index":"index","follow":"follow","max-snippet":"max-snippet:-1","max-image-preview":"max-image-preview:large","max-video-preview":"max-video-preview:-1"},"canonical":"https:\/\/scs-structures.com\/ca\/qualitat\/","og_locale":"ca_ES","og_type":"article","og_title":"Qualitat | Culler\u00e9 Sala Structures","og_description":"La millora cont\u00ednua dels nostres est\u00e0ndards de qualitat ha estat des de l\u2019inici de l\u2019empresa la constant que permet adaptar-nos a les creixents necessitats dels nostres clients i les exig\u00e8ncies normatives de tots els mercats en els que treballem. En aquest sentit, des de l\u2019aparici\u00f3 de la norma europea pel marcatge CE de les estructures [&hellip;]","og_url":"https:\/\/scs-structures.com\/ca\/qualitat\/","og_site_name":"Culler\u00e9 Sala Structures","article_publisher":"https:\/\/www.facebook.com\/culleresala","article_modified_time":"2023-02-02T18:02:22+00:00","og_image":[{"width":1024,"height":1024,"url":"http:\/\/scs-structures.com\/wp-content\/uploads\/2019\/04\/Qualitat-destacada-1024x1024.jpg","type":"image\/jpeg"}],"twitter_card":"summary_large_image","twitter_site":"@CullereSala","twitter_misc":{"Temps estimat de lectura":"1 minut"},"schema":{"@context":"https:\/\/schema.org","@graph":[{"@type":"WebPage","@id":"https:\/\/scs-structures.com\/ca\/qualitat\/","url":"https:\/\/scs-structures.com\/ca\/qualitat\/","name":"Qualitat | Culler\u00e9 Sala Structures","isPartOf":{"@id":"http:\/\/scs-structures.com\/ca\/#website"},"primaryImageOfPage":{"@id":"https:\/\/scs-structures.com\/ca\/qualitat\/#primaryimage"},"image":{"@id":"https:\/\/scs-structures.com\/ca\/qualitat\/#primaryimage"},"thumbnailUrl":"https:\/\/scs-structures.com\/wp-content\/uploads\/2019\/04\/Qualitat-destacada.jpg","datePublished":"2019-04-01T13:55:33+00:00","dateModified":"2023-02-02T18:02:22+00:00","breadcrumb":{"@id":"https:\/\/scs-structures.com\/ca\/qualitat\/#breadcrumb"},"inLanguage":"ca","potentialAction":[{"@type":"ReadAction","target":["https:\/\/scs-structures.com\/ca\/qualitat\/"]}]},{"@type":"ImageObject","inLanguage":"ca","@id":"https:\/\/scs-structures.com\/ca\/qualitat\/#primaryimage","url":"https:\/\/scs-structures.com\/wp-content\/uploads\/2019\/04\/Qualitat-destacada.jpg","contentUrl":"https:\/\/scs-structures.com\/wp-content\/uploads\/2019\/04\/Qualitat-destacada.jpg","width":1700,"height":1700},{"@type":"BreadcrumbList","@id":"https:\/\/scs-structures.com\/ca\/qualitat\/#breadcrumb","itemListElement":[{"@type":"ListItem","position":1,"name":"Portada","item":"http:\/\/scs-structures.com\/ca\/"},{"@type":"ListItem","position":2,"name":"Qualitat"}]},{"@type":"WebSite","@id":"http:\/\/scs-structures.com\/ca\/#website","url":"http:\/\/scs-structures.com\/ca\/","name":"Culler\u00e9 Sala Structures","description":"Estructuras met\u00e1licas, Cierres met\u00e1licos, Bigas armadas","potentialAction":[{"@type":"SearchAction","target":{"@type":"EntryPoint","urlTemplate":"http:\/\/scs-structures.com\/ca\/?s={search_term_string}"},"query-input":{"@type":"PropertyValueSpecification","valueRequired":true,"valueName":"search_term_string"}}],"inLanguage":"ca"}]}},"_links":{"self":[{"href":"https:\/\/scs-structures.com\/ca\/wp-json\/wp\/v2\/pages\/55","targetHints":{"allow":["GET"]}}],"collection":[{"href":"https:\/\/scs-structures.com\/ca\/wp-json\/wp\/v2\/pages"}],"about":[{"href":"https:\/\/scs-structures.com\/ca\/wp-json\/wp\/v2\/types\/page"}],"author":[{"embeddable":true,"href":"https:\/\/scs-structures.com\/ca\/wp-json\/wp\/v2\/users\/1"}],"replies":[{"embeddable":true,"href":"https:\/\/scs-structures.com\/ca\/wp-json\/wp\/v2\/comments?post=55"}],"version-history":[{"count":8,"href":"https:\/\/scs-structures.com\/ca\/wp-json\/wp\/v2\/pages\/55\/revisions"}],"predecessor-version":[{"id":1671,"href":"https:\/\/scs-structures.com\/ca\/wp-json\/wp\/v2\/pages\/55\/revisions\/1671"}],"wp:featuredmedia":[{"embeddable":true,"href":"https:\/\/scs-structures.com\/ca\/wp-json\/wp\/v2\/media\/859"}],"wp:attachment":[{"href":"https:\/\/scs-structures.com\/ca\/wp-json\/wp\/v2\/media?parent=55"}],"curies":[{"name":"wp","href":"https:\/\/api.w.org\/{rel}","templated":true}]}}