{"id":47,"date":"2019-04-01T15:54:11","date_gmt":"2019-04-01T13:54:11","guid":{"rendered":"http:\/\/scs-structures.com\/sostenibilidad\/"},"modified":"2019-05-08T14:07:57","modified_gmt":"2019-05-08T12:07:57","slug":"sostenibilitat","status":"publish","type":"page","link":"https:\/\/scs-structures.com\/ca\/sostenibilitat\/","title":{"rendered":"Sostenibilitat"},"content":{"rendered":"<p>L\u2019acer \u00e9s la base del treball de SCS, i representa perfectament la idea que la sostenibilitat ha de formar part de totes les nostres activitats i projectes. L\u2019acer \u00e9s un material que prov\u00e9 en un 99% del reciclatge i representa un exemple molt clar d\u2019economia circular.<\/p>\n<p>Des de SCS no nom\u00e9s treballem pel reciclatge del material sin\u00f3 que tamb\u00e9 n\u2019afavorim la reutilitzaci\u00f3. Dissenyem estructures el m\u00e0xim de cargolades possibles, facilitant la seva posterior reutilitzaci\u00f3 o reciclatge. Amb l\u2019\u00fas de l\u2019acer com a base principal (per\u00f2 no l\u2019\u00fanica)  dels nostres projectes contribu\u00efm a un model de construcci\u00f3 m\u00e9s sostenible i respectu\u00f3s amb l\u2019entorn. <\/p>\n<p>Un clar exemple de la interioritzaci\u00f3 dels conceptes de sostenibilitat en la nostra forma de treballar \u00e9s la incorporaci\u00f3 com a metodologia de treball i millora de la ISO14001 o la participaci\u00f3 en nombrosos projectes amb els m\u00e0xims est\u00e0ndards LEED o BREAM.\u201d<\/p>\n","protected":false},"excerpt":{"rendered":"<p>L\u2019acer \u00e9s la base del treball de SCS, i representa perfectament la idea que la sostenibilitat ha de formar part de totes les nostres activitats i projectes. L\u2019acer \u00e9s un material que prov\u00e9 en un 99% del reciclatge i representa un exemple molt clar d\u2019economia circular. Des de SCS no nom\u00e9s treballem pel reciclatge del [&hellip;]<\/p>\n","protected":false},"author":1,"featured_media":854,"parent":0,"menu_order":5,"comment_status":"closed","ping_status":"closed","template":"","meta":{"_acf_changed":false,"footnotes":""},"class_list":["post-47","page","type-page","status-publish","has-post-thumbnail","hentry"],"acf":[],"yoast_head":"<!-- This site is optimized with the Yoast SEO plugin v26.6 - https:\/\/yoast.com\/wordpress\/plugins\/seo\/ -->\n<title>Sostenibilitat | Culler\u00e9 Sala Structures<\/title>\n<meta name=\"robots\" content=\"index, follow, max-snippet:-1, max-image-preview:large, max-video-preview:-1\" \/>\n<link rel=\"canonical\" href=\"https:\/\/scs-structures.com\/ca\/sostenibilitat\/\" \/>\n<meta property=\"og:locale\" content=\"ca_ES\" \/>\n<meta property=\"og:type\" content=\"article\" \/>\n<meta property=\"og:title\" content=\"Sostenibilitat | Culler\u00e9 Sala Structures\" \/>\n<meta property=\"og:description\" content=\"L\u2019acer \u00e9s la base del treball de SCS, i representa perfectament la idea que la sostenibilitat ha de formar part de totes les nostres activitats i projectes. L\u2019acer \u00e9s un material que prov\u00e9 en un 99% del reciclatge i representa un exemple molt clar d\u2019economia circular. Des de SCS no nom\u00e9s treballem pel reciclatge del [&hellip;]\" \/>\n<meta property=\"og:url\" content=\"https:\/\/scs-structures.com\/ca\/sostenibilitat\/\" \/>\n<meta property=\"og:site_name\" content=\"Culler\u00e9 Sala Structures\" \/>\n<meta property=\"article:publisher\" content=\"https:\/\/www.facebook.com\/culleresala\" \/>\n<meta property=\"article:modified_time\" content=\"2019-05-08T12:07:57+00:00\" \/>\n<meta property=\"og:image\" content=\"https:\/\/scs-structures.com\/wp-content\/uploads\/2019\/04\/SOSTENIBILITAT-destacada.jpg\" \/>\n\t<meta property=\"og:image:width\" content=\"1700\" \/>\n\t<meta property=\"og:image:height\" content=\"1700\" \/>\n\t<meta property=\"og:image:type\" content=\"image\/jpeg\" \/>\n<meta name=\"twitter:card\" content=\"summary_large_image\" \/>\n<meta name=\"twitter:site\" content=\"@CullereSala\" \/>\n<meta name=\"twitter:label1\" content=\"Temps estimat de lectura\" \/>\n\t<meta name=\"twitter:data1\" content=\"1 minut\" \/>\n<script type=\"application\/ld+json\" class=\"yoast-schema-graph\">{\"@context\":\"https:\/\/schema.org\",\"@graph\":[{\"@type\":\"WebPage\",\"@id\":\"https:\/\/scs-structures.com\/ca\/sostenibilitat\/\",\"url\":\"https:\/\/scs-structures.com\/ca\/sostenibilitat\/\",\"name\":\"Sostenibilitat | Culler\u00e9 Sala Structures\",\"isPartOf\":{\"@id\":\"http:\/\/scs-structures.com\/ca\/#website\"},\"primaryImageOfPage\":{\"@id\":\"https:\/\/scs-structures.com\/ca\/sostenibilitat\/#primaryimage\"},\"image\":{\"@id\":\"https:\/\/scs-structures.com\/ca\/sostenibilitat\/#primaryimage\"},\"thumbnailUrl\":\"https:\/\/scs-structures.com\/wp-content\/uploads\/2019\/04\/SOSTENIBILITAT-destacada.jpg\",\"datePublished\":\"2019-04-01T13:54:11+00:00\",\"dateModified\":\"2019-05-08T12:07:57+00:00\",\"breadcrumb\":{\"@id\":\"https:\/\/scs-structures.com\/ca\/sostenibilitat\/#breadcrumb\"},\"inLanguage\":\"ca\",\"potentialAction\":[{\"@type\":\"ReadAction\",\"target\":[\"https:\/\/scs-structures.com\/ca\/sostenibilitat\/\"]}]},{\"@type\":\"ImageObject\",\"inLanguage\":\"ca\",\"@id\":\"https:\/\/scs-structures.com\/ca\/sostenibilitat\/#primaryimage\",\"url\":\"https:\/\/scs-structures.com\/wp-content\/uploads\/2019\/04\/SOSTENIBILITAT-destacada.jpg\",\"contentUrl\":\"https:\/\/scs-structures.com\/wp-content\/uploads\/2019\/04\/SOSTENIBILITAT-destacada.jpg\",\"width\":1700,\"height\":1700},{\"@type\":\"BreadcrumbList\",\"@id\":\"https:\/\/scs-structures.com\/ca\/sostenibilitat\/#breadcrumb\",\"itemListElement\":[{\"@type\":\"ListItem\",\"position\":1,\"name\":\"Portada\",\"item\":\"http:\/\/scs-structures.com\/ca\/\"},{\"@type\":\"ListItem\",\"position\":2,\"name\":\"Sostenibilitat\"}]},{\"@type\":\"WebSite\",\"@id\":\"http:\/\/scs-structures.com\/ca\/#website\",\"url\":\"http:\/\/scs-structures.com\/ca\/\",\"name\":\"Culler\u00e9 Sala Structures\",\"description\":\"Estructuras met\u00e1licas, Cierres met\u00e1licos, Bigas armadas\",\"potentialAction\":[{\"@type\":\"SearchAction\",\"target\":{\"@type\":\"EntryPoint\",\"urlTemplate\":\"http:\/\/scs-structures.com\/ca\/?s={search_term_string}\"},\"query-input\":{\"@type\":\"PropertyValueSpecification\",\"valueRequired\":true,\"valueName\":\"search_term_string\"}}],\"inLanguage\":\"ca\"}]}<\/script>\n<!-- \/ Yoast SEO plugin. -->","yoast_head_json":{"title":"Sostenibilitat | Culler\u00e9 Sala Structures","robots":{"index":"index","follow":"follow","max-snippet":"max-snippet:-1","max-image-preview":"max-image-preview:large","max-video-preview":"max-video-preview:-1"},"canonical":"https:\/\/scs-structures.com\/ca\/sostenibilitat\/","og_locale":"ca_ES","og_type":"article","og_title":"Sostenibilitat | Culler\u00e9 Sala Structures","og_description":"L\u2019acer \u00e9s la base del treball de SCS, i representa perfectament la idea que la sostenibilitat ha de formar part de totes les nostres activitats i projectes. L\u2019acer \u00e9s un material que prov\u00e9 en un 99% del reciclatge i representa un exemple molt clar d\u2019economia circular. Des de SCS no nom\u00e9s treballem pel reciclatge del [&hellip;]","og_url":"https:\/\/scs-structures.com\/ca\/sostenibilitat\/","og_site_name":"Culler\u00e9 Sala Structures","article_publisher":"https:\/\/www.facebook.com\/culleresala","article_modified_time":"2019-05-08T12:07:57+00:00","og_image":[{"width":1700,"height":1700,"url":"https:\/\/scs-structures.com\/wp-content\/uploads\/2019\/04\/SOSTENIBILITAT-destacada.jpg","type":"image\/jpeg"}],"twitter_card":"summary_large_image","twitter_site":"@CullereSala","twitter_misc":{"Temps estimat de lectura":"1 minut"},"schema":{"@context":"https:\/\/schema.org","@graph":[{"@type":"WebPage","@id":"https:\/\/scs-structures.com\/ca\/sostenibilitat\/","url":"https:\/\/scs-structures.com\/ca\/sostenibilitat\/","name":"Sostenibilitat | Culler\u00e9 Sala Structures","isPartOf":{"@id":"http:\/\/scs-structures.com\/ca\/#website"},"primaryImageOfPage":{"@id":"https:\/\/scs-structures.com\/ca\/sostenibilitat\/#primaryimage"},"image":{"@id":"https:\/\/scs-structures.com\/ca\/sostenibilitat\/#primaryimage"},"thumbnailUrl":"https:\/\/scs-structures.com\/wp-content\/uploads\/2019\/04\/SOSTENIBILITAT-destacada.jpg","datePublished":"2019-04-01T13:54:11+00:00","dateModified":"2019-05-08T12:07:57+00:00","breadcrumb":{"@id":"https:\/\/scs-structures.com\/ca\/sostenibilitat\/#breadcrumb"},"inLanguage":"ca","potentialAction":[{"@type":"ReadAction","target":["https:\/\/scs-structures.com\/ca\/sostenibilitat\/"]}]},{"@type":"ImageObject","inLanguage":"ca","@id":"https:\/\/scs-structures.com\/ca\/sostenibilitat\/#primaryimage","url":"https:\/\/scs-structures.com\/wp-content\/uploads\/2019\/04\/SOSTENIBILITAT-destacada.jpg","contentUrl":"https:\/\/scs-structures.com\/wp-content\/uploads\/2019\/04\/SOSTENIBILITAT-destacada.jpg","width":1700,"height":1700},{"@type":"BreadcrumbList","@id":"https:\/\/scs-structures.com\/ca\/sostenibilitat\/#breadcrumb","itemListElement":[{"@type":"ListItem","position":1,"name":"Portada","item":"http:\/\/scs-structures.com\/ca\/"},{"@type":"ListItem","position":2,"name":"Sostenibilitat"}]},{"@type":"WebSite","@id":"http:\/\/scs-structures.com\/ca\/#website","url":"http:\/\/scs-structures.com\/ca\/","name":"Culler\u00e9 Sala Structures","description":"Estructuras met\u00e1licas, Cierres met\u00e1licos, Bigas armadas","potentialAction":[{"@type":"SearchAction","target":{"@type":"EntryPoint","urlTemplate":"http:\/\/scs-structures.com\/ca\/?s={search_term_string}"},"query-input":{"@type":"PropertyValueSpecification","valueRequired":true,"valueName":"search_term_string"}}],"inLanguage":"ca"}]}},"_links":{"self":[{"href":"https:\/\/scs-structures.com\/ca\/wp-json\/wp\/v2\/pages\/47","targetHints":{"allow":["GET"]}}],"collection":[{"href":"https:\/\/scs-structures.com\/ca\/wp-json\/wp\/v2\/pages"}],"about":[{"href":"https:\/\/scs-structures.com\/ca\/wp-json\/wp\/v2\/types\/page"}],"author":[{"embeddable":true,"href":"https:\/\/scs-structures.com\/ca\/wp-json\/wp\/v2\/users\/1"}],"replies":[{"embeddable":true,"href":"https:\/\/scs-structures.com\/ca\/wp-json\/wp\/v2\/comments?post=47"}],"version-history":[{"count":4,"href":"https:\/\/scs-structures.com\/ca\/wp-json\/wp\/v2\/pages\/47\/revisions"}],"predecessor-version":[{"id":1424,"href":"https:\/\/scs-structures.com\/ca\/wp-json\/wp\/v2\/pages\/47\/revisions\/1424"}],"wp:featuredmedia":[{"embeddable":true,"href":"https:\/\/scs-structures.com\/ca\/wp-json\/wp\/v2\/media\/854"}],"wp:attachment":[{"href":"https:\/\/scs-structures.com\/ca\/wp-json\/wp\/v2\/media?parent=47"}],"curies":[{"name":"wp","href":"https:\/\/api.w.org\/{rel}","templated":true}]}}