{"id":39,"date":"2019-04-01T15:53:35","date_gmt":"2019-04-01T13:53:35","guid":{"rendered":"http:\/\/scs-structures.com\/innovacion\/"},"modified":"2019-05-08T14:08:25","modified_gmt":"2019-05-08T12:08:25","slug":"innovacio","status":"publish","type":"page","link":"https:\/\/scs-structures.com\/ca\/innovacio\/","title":{"rendered":"Innovaci\u00f3"},"content":{"rendered":"<p>El comprom\u00eds de SCS amb la innovaci\u00f3 cont\u00ednua neix de la voluntat d\u2019oferir sempre als nostres clients les solucions m\u00e9s eficients i adaptades a les seves necessitats.<\/p>\n<p>A SCS des de ja fa molts anys treballem tots els projectes amb tecnologia BIM, amb el software TEKLA i utilitzem els programes de c\u00e0lcul d\u2019elements finits mes avan\u00e7ats tant per el c\u00e0lcul general d\u2019estructures com per al disseny i c\u00e0lcul d\u2019unions.<\/p>\n<p>A SCS sempre hem estat pioners en l\u2019\u00fas de noves solucions estructurals. L\u2019experi\u00e8ncia en edificacions singulars ens ha perm\u00e8s traspassar moltes solucions a la construcci\u00f3 industrial, essent pioners en l\u2019\u00fas d\u2019estructures mixtes de formig\u00f3 i acer.<\/p>\n","protected":false},"excerpt":{"rendered":"<p>El comprom\u00eds de SCS amb la innovaci\u00f3 cont\u00ednua neix de la voluntat d\u2019oferir sempre als nostres clients les solucions m\u00e9s eficients i adaptades a les seves necessitats. A SCS des de ja fa molts anys treballem tots els projectes amb tecnologia BIM, amb el software TEKLA i utilitzem els programes de c\u00e0lcul d\u2019elements finits mes [&hellip;]<\/p>\n","protected":false},"author":1,"featured_media":868,"parent":0,"menu_order":4,"comment_status":"closed","ping_status":"closed","template":"","meta":{"_acf_changed":false,"footnotes":""},"class_list":["post-39","page","type-page","status-publish","has-post-thumbnail","hentry"],"acf":[],"yoast_head":"<!-- This site is optimized with the Yoast SEO plugin v26.6 - https:\/\/yoast.com\/wordpress\/plugins\/seo\/ -->\n<title>Innovaci\u00f3 | Culler\u00e9 Sala Structures<\/title>\n<meta name=\"robots\" content=\"index, follow, max-snippet:-1, max-image-preview:large, max-video-preview:-1\" \/>\n<link rel=\"canonical\" href=\"https:\/\/scs-structures.com\/ca\/innovacio\/\" \/>\n<meta property=\"og:locale\" content=\"ca_ES\" \/>\n<meta property=\"og:type\" content=\"article\" \/>\n<meta property=\"og:title\" content=\"Innovaci\u00f3 | Culler\u00e9 Sala Structures\" \/>\n<meta property=\"og:description\" content=\"El comprom\u00eds de SCS amb la innovaci\u00f3 cont\u00ednua neix de la voluntat d\u2019oferir sempre als nostres clients les solucions m\u00e9s eficients i adaptades a les seves necessitats. A SCS des de ja fa molts anys treballem tots els projectes amb tecnologia BIM, amb el software TEKLA i utilitzem els programes de c\u00e0lcul d\u2019elements finits mes [&hellip;]\" \/>\n<meta property=\"og:url\" content=\"https:\/\/scs-structures.com\/ca\/innovacio\/\" \/>\n<meta property=\"og:site_name\" content=\"Culler\u00e9 Sala Structures\" \/>\n<meta property=\"article:publisher\" content=\"https:\/\/www.facebook.com\/culleresala\" \/>\n<meta property=\"article:modified_time\" content=\"2019-05-08T12:08:25+00:00\" \/>\n<meta property=\"og:image\" content=\"http:\/\/scs-structures.com\/wp-content\/uploads\/2019\/04\/INNOVACIO-DESTACADO-1024x1024.jpg\" \/>\n\t<meta property=\"og:image:width\" content=\"1024\" \/>\n\t<meta property=\"og:image:height\" content=\"1024\" \/>\n\t<meta property=\"og:image:type\" content=\"image\/jpeg\" \/>\n<meta name=\"twitter:card\" content=\"summary_large_image\" \/>\n<meta name=\"twitter:site\" content=\"@CullereSala\" \/>\n<meta name=\"twitter:label1\" content=\"Temps estimat de lectura\" \/>\n\t<meta name=\"twitter:data1\" content=\"1 minut\" \/>\n<script type=\"application\/ld+json\" class=\"yoast-schema-graph\">{\"@context\":\"https:\/\/schema.org\",\"@graph\":[{\"@type\":\"WebPage\",\"@id\":\"https:\/\/scs-structures.com\/ca\/innovacio\/\",\"url\":\"https:\/\/scs-structures.com\/ca\/innovacio\/\",\"name\":\"Innovaci\u00f3 | Culler\u00e9 Sala Structures\",\"isPartOf\":{\"@id\":\"http:\/\/scs-structures.com\/ca\/#website\"},\"primaryImageOfPage\":{\"@id\":\"https:\/\/scs-structures.com\/ca\/innovacio\/#primaryimage\"},\"image\":{\"@id\":\"https:\/\/scs-structures.com\/ca\/innovacio\/#primaryimage\"},\"thumbnailUrl\":\"https:\/\/scs-structures.com\/wp-content\/uploads\/2019\/04\/INNOVACIO-DESTACADO.jpg\",\"datePublished\":\"2019-04-01T13:53:35+00:00\",\"dateModified\":\"2019-05-08T12:08:25+00:00\",\"breadcrumb\":{\"@id\":\"https:\/\/scs-structures.com\/ca\/innovacio\/#breadcrumb\"},\"inLanguage\":\"ca\",\"potentialAction\":[{\"@type\":\"ReadAction\",\"target\":[\"https:\/\/scs-structures.com\/ca\/innovacio\/\"]}]},{\"@type\":\"ImageObject\",\"inLanguage\":\"ca\",\"@id\":\"https:\/\/scs-structures.com\/ca\/innovacio\/#primaryimage\",\"url\":\"https:\/\/scs-structures.com\/wp-content\/uploads\/2019\/04\/INNOVACIO-DESTACADO.jpg\",\"contentUrl\":\"https:\/\/scs-structures.com\/wp-content\/uploads\/2019\/04\/INNOVACIO-DESTACADO.jpg\",\"width\":1700,\"height\":1700},{\"@type\":\"BreadcrumbList\",\"@id\":\"https:\/\/scs-structures.com\/ca\/innovacio\/#breadcrumb\",\"itemListElement\":[{\"@type\":\"ListItem\",\"position\":1,\"name\":\"Portada\",\"item\":\"http:\/\/scs-structures.com\/ca\/\"},{\"@type\":\"ListItem\",\"position\":2,\"name\":\"Innovaci\u00f3\"}]},{\"@type\":\"WebSite\",\"@id\":\"http:\/\/scs-structures.com\/ca\/#website\",\"url\":\"http:\/\/scs-structures.com\/ca\/\",\"name\":\"Culler\u00e9 Sala Structures\",\"description\":\"Estructuras met\u00e1licas, Cierres met\u00e1licos, Bigas armadas\",\"potentialAction\":[{\"@type\":\"SearchAction\",\"target\":{\"@type\":\"EntryPoint\",\"urlTemplate\":\"http:\/\/scs-structures.com\/ca\/?s={search_term_string}\"},\"query-input\":{\"@type\":\"PropertyValueSpecification\",\"valueRequired\":true,\"valueName\":\"search_term_string\"}}],\"inLanguage\":\"ca\"}]}<\/script>\n<!-- \/ Yoast SEO plugin. -->","yoast_head_json":{"title":"Innovaci\u00f3 | Culler\u00e9 Sala Structures","robots":{"index":"index","follow":"follow","max-snippet":"max-snippet:-1","max-image-preview":"max-image-preview:large","max-video-preview":"max-video-preview:-1"},"canonical":"https:\/\/scs-structures.com\/ca\/innovacio\/","og_locale":"ca_ES","og_type":"article","og_title":"Innovaci\u00f3 | Culler\u00e9 Sala Structures","og_description":"El comprom\u00eds de SCS amb la innovaci\u00f3 cont\u00ednua neix de la voluntat d\u2019oferir sempre als nostres clients les solucions m\u00e9s eficients i adaptades a les seves necessitats. A SCS des de ja fa molts anys treballem tots els projectes amb tecnologia BIM, amb el software TEKLA i utilitzem els programes de c\u00e0lcul d\u2019elements finits mes [&hellip;]","og_url":"https:\/\/scs-structures.com\/ca\/innovacio\/","og_site_name":"Culler\u00e9 Sala Structures","article_publisher":"https:\/\/www.facebook.com\/culleresala","article_modified_time":"2019-05-08T12:08:25+00:00","og_image":[{"width":1024,"height":1024,"url":"http:\/\/scs-structures.com\/wp-content\/uploads\/2019\/04\/INNOVACIO-DESTACADO-1024x1024.jpg","type":"image\/jpeg"}],"twitter_card":"summary_large_image","twitter_site":"@CullereSala","twitter_misc":{"Temps estimat de lectura":"1 minut"},"schema":{"@context":"https:\/\/schema.org","@graph":[{"@type":"WebPage","@id":"https:\/\/scs-structures.com\/ca\/innovacio\/","url":"https:\/\/scs-structures.com\/ca\/innovacio\/","name":"Innovaci\u00f3 | Culler\u00e9 Sala Structures","isPartOf":{"@id":"http:\/\/scs-structures.com\/ca\/#website"},"primaryImageOfPage":{"@id":"https:\/\/scs-structures.com\/ca\/innovacio\/#primaryimage"},"image":{"@id":"https:\/\/scs-structures.com\/ca\/innovacio\/#primaryimage"},"thumbnailUrl":"https:\/\/scs-structures.com\/wp-content\/uploads\/2019\/04\/INNOVACIO-DESTACADO.jpg","datePublished":"2019-04-01T13:53:35+00:00","dateModified":"2019-05-08T12:08:25+00:00","breadcrumb":{"@id":"https:\/\/scs-structures.com\/ca\/innovacio\/#breadcrumb"},"inLanguage":"ca","potentialAction":[{"@type":"ReadAction","target":["https:\/\/scs-structures.com\/ca\/innovacio\/"]}]},{"@type":"ImageObject","inLanguage":"ca","@id":"https:\/\/scs-structures.com\/ca\/innovacio\/#primaryimage","url":"https:\/\/scs-structures.com\/wp-content\/uploads\/2019\/04\/INNOVACIO-DESTACADO.jpg","contentUrl":"https:\/\/scs-structures.com\/wp-content\/uploads\/2019\/04\/INNOVACIO-DESTACADO.jpg","width":1700,"height":1700},{"@type":"BreadcrumbList","@id":"https:\/\/scs-structures.com\/ca\/innovacio\/#breadcrumb","itemListElement":[{"@type":"ListItem","position":1,"name":"Portada","item":"http:\/\/scs-structures.com\/ca\/"},{"@type":"ListItem","position":2,"name":"Innovaci\u00f3"}]},{"@type":"WebSite","@id":"http:\/\/scs-structures.com\/ca\/#website","url":"http:\/\/scs-structures.com\/ca\/","name":"Culler\u00e9 Sala Structures","description":"Estructuras met\u00e1licas, Cierres met\u00e1licos, Bigas armadas","potentialAction":[{"@type":"SearchAction","target":{"@type":"EntryPoint","urlTemplate":"http:\/\/scs-structures.com\/ca\/?s={search_term_string}"},"query-input":{"@type":"PropertyValueSpecification","valueRequired":true,"valueName":"search_term_string"}}],"inLanguage":"ca"}]}},"_links":{"self":[{"href":"https:\/\/scs-structures.com\/ca\/wp-json\/wp\/v2\/pages\/39","targetHints":{"allow":["GET"]}}],"collection":[{"href":"https:\/\/scs-structures.com\/ca\/wp-json\/wp\/v2\/pages"}],"about":[{"href":"https:\/\/scs-structures.com\/ca\/wp-json\/wp\/v2\/types\/page"}],"author":[{"embeddable":true,"href":"https:\/\/scs-structures.com\/ca\/wp-json\/wp\/v2\/users\/1"}],"replies":[{"embeddable":true,"href":"https:\/\/scs-structures.com\/ca\/wp-json\/wp\/v2\/comments?post=39"}],"version-history":[{"count":6,"href":"https:\/\/scs-structures.com\/ca\/wp-json\/wp\/v2\/pages\/39\/revisions"}],"predecessor-version":[{"id":1425,"href":"https:\/\/scs-structures.com\/ca\/wp-json\/wp\/v2\/pages\/39\/revisions\/1425"}],"wp:featuredmedia":[{"embeddable":true,"href":"https:\/\/scs-structures.com\/ca\/wp-json\/wp\/v2\/media\/868"}],"wp:attachment":[{"href":"https:\/\/scs-structures.com\/ca\/wp-json\/wp\/v2\/media?parent=39"}],"curies":[{"name":"wp","href":"https:\/\/api.w.org\/{rel}","templated":true}]}}