{"id":1706,"date":"2023-11-29T16:19:19","date_gmt":"2023-11-29T15:19:19","guid":{"rendered":"https:\/\/scs-structures.com\/canal-de-denuncias\/"},"modified":"2023-12-21T10:13:43","modified_gmt":"2023-12-21T09:13:43","slug":"canal-denuncies","status":"publish","type":"page","link":"https:\/\/scs-structures.com\/ca\/canal-denuncies\/","title":{"rendered":"Canal de den\u00fancies"},"content":{"rendered":"<p>Aquest canal \u00e9s un servei d&#8217;acc\u00e9s p\u00fablic per denunciar irregularitats per qualsevol persona relacionada a la nostra organitzaci\u00f3, accions o omissions que puguin ser constitutives d&#8217;infracci\u00f3 penal o administrativa greu o molt greu.<\/p>\n<p>Si vols, pots interposar-la de manera an\u00f2nima. En aquest cas se subministra un codi \u00fanic al final del proc\u00e9s amb qu\u00e8 pots visualitzar-ne l&#8217;estat. La resposta pot trigar 10 dies i, un cop iniciat el per\u00edode de revisi\u00f3, els terminis per resoldre-la s\u00f3n variables segons la tipologia d&#8217;incid\u00e8ncia.<\/p>\n<p>Es podr\u00e0 inadmetre la comunicaci\u00f3, en algun dels casos seg\u00fcents:<\/p>\n<ul>\n<li>Quan els fets relatats no tinguin tota versemblan\u00e7a.<\/li>\n<li>Quan els fets relatats no siguin constitutius d&#8217;infracci\u00f3 de l&#8217;ordenament jur\u00eddic inclosa a l&#8217;\u00e0mbit d&#8217;aplicaci\u00f3 d&#8217;aquesta llei.<\/li>\n<li>Quan la comunicaci\u00f3 no tingui manifestament fonament o hi hagi, segons el parer de l&#8217;Autoritat Independent de Protecci\u00f3 de l&#8217;Informant, A.A.I., indicis racionals d&#8217;haver-se obtingut mitjan\u00e7ant la comissi\u00f3 d&#8217;un delicte. En aquest darrer cas, a m\u00e9s de la inadmissi\u00f3, es remetr\u00e0 al Ministeri Fiscal una relaci\u00f3 circumstancial dels fets que s&#8217;estimin constitutius de delicte.<\/li>\n<li>Quan la comunicaci\u00f3 no contingui informaci\u00f3 nova i significativa sobre infraccions en comparaci\u00f3 amb una comunicaci\u00f3 anterior respecte de la qual han concl\u00f2s els procediments corresponents, llevat que es donin noves circumst\u00e0ncies de fet o de dret que justifiquin un seguiment diferent. En aquests casos, l&#8217;Autoritat Independent de Protecci\u00f3 de l&#8217;Informant, A.A.I., notificar\u00e0 la resoluci\u00f3 de manera motivada.<\/li>\n<\/ul>\n<p>Si ingresses un correu electr\u00f2nic i un tel\u00e8fon ens posarem en contacte amb tu per aquest mitj\u00e0, sin\u00f3 haur\u00e0s de tornar a aquesta p\u00e0gina per revisar-ne l&#8217;estat.<\/p>\n<p>Com que les den\u00fancies poden contenir dades de car\u00e0cter personal del denunciant o de tercers, cal que acceptis la nostra pol\u00edtica de privadesa per interposar una den\u00fancia. Et garantim que la informaci\u00f3 facilitada ser\u00e0 tractada de manera totalment confidencial.<\/p>\n<p>Per fer una den\u00fancia ingressa el password que t&#8217;han facilitat des de l&#8217;administraci\u00f3. Si ja has fet una den\u00fancia necessitar\u00e0s tamb\u00e9 el codi de seguiment.<\/p>\n<div class=\"buttons-complaints\"><div style='position:relative;' id='search_tickets-search' class='emd-form emd-container'><form id='search_tickets' action='\/ca\/wp-json\/wp\/v2\/pages\/1706' method='post' class='emd-form-container emd-form-horizontal'><input type='hidden' value='search_tickets' name='form_name' id='form_name_0'><input type='hidden' value='1680' name='emd_form_id' id='emd_form_id_0'><input type='hidden' value='wp_ticket_com' name='emd_app' id='emd_app_0'><input type='hidden' value='emd_ticket' name='emd_ent' id='emd_ent_0'><input type='hidden' value='0' name='emd_step' id='emd_step_0'><input type=\"hidden\" id=\"search_tickets_0_nonce\" name=\"search_tickets_0_nonce\" value=\"b589ecfb2e\" \/><input type=\"hidden\" name=\"_wp_http_referer\" value=\"\/ca\/wp-json\/wp\/v2\/pages\/1706\" \/><div class=\"emd-form-row emd-row emd-ahp-row\"><div class=\"emd-form-field emd-col emd-md-12 emd-sm-12 emd-xs-12\" data-field=\"twitter\"><div class=\"emd-form-group\"><label class=\"emd-control-label twitter\" for=\"twitter\"><span id=\"label_twitter\">Twitter<\/span><span class=\"emd-fieldicons-wrap\">\n\t\t<a data-html=\"true\" href=\"#\" tabindex=-1 data-toggle=\"tooltip\" style=\"display:none;\" id=\"info_twitter\" class=\"helptip\">\n\t\t<span class=\"field-icons info\"><\/span><\/a><a href=\"#\" data-html=\"true\" tabindex=-1 data-toggle=\"tooltip\" title=\"Twitter field is required\" id=\"req_twitter\" class=\"helptip\" style=\"display:none;\">\n\t\t<span class=\"field-icons required\"><\/span>\n\t\t<\/a>\n\t\t<\/span>\n\t\t<\/label><input type=\"text\" name=\"search_tickets0_twitter\" id=\"search_tickets0_twitter\" class=\"text emd-ahp emd-input-md emd-form-control\" autocomplete=\"off\"\/><\/div><\/div><\/div><div class=\"emd-form-row emd-row\"><div class=\"emd-form-field emd-col emd-md-12 emd-sm-12 emd-xs-12\" data-field=\"emd_ticket_id\"><div class=\"emd-form-group\"><label class=\"emd-control-label emd_ticket_id\" for=\"emd_ticket_id\"><span id=\"label_emd_ticket_id\">Codi Seguiment<\/span><span class=\"emd-fieldicons-wrap\">\n\t\t<a data-html=\"true\" href=\"#\" tabindex=-1 data-toggle=\"tooltip\" title=\"Unique identifier for a ticket\" id=\"info_emd_ticket_id\" class=\"helptip\">\n\t\t<span class=\"field-icons info\"><\/span><\/a><a href=\"#\" data-html=\"true\" tabindex=-1 data-toggle=\"tooltip\" title=\"Cod. Seguimiento field is required\" id=\"req_emd_ticket_id\" class=\"helptip\" style=\"display:none;\">\n\t\t<span class=\"field-icons required\"><\/span>\n\t\t<\/a>\n\t\t<\/span>\n\t\t<\/label><input type=\"text\" name=\"emd_ticket_id\" id=\"emd_ticket_id\" class=\"text emd-input-md emd-form-control\" autocomplete=\"off\"\/><\/div><\/div><\/div><div class=\"emd-row emd-form-submit-row\"><button class='emd-form-search emd-btn emd-btn-primary emd-btn-large emd-btn-block' type='submit' value='submit' name='submit_search_tickets'><i class='fa fa-fw fas fa-search' aria-hidden='true'><\/i>Cercar<\/button><\/div><\/form><\/div><!--container-end--><\/div>\n","protected":false},"excerpt":{"rendered":"<p>Aquest canal \u00e9s un servei d&#8217;acc\u00e9s p\u00fablic per denunciar irregularitats per qualsevol persona relacionada a la nostra organitzaci\u00f3, accions o omissions que puguin ser constitutives d&#8217;infracci\u00f3 penal o administrativa greu o molt greu. Si vols, pots interposar-la de manera an\u00f2nima. En aquest cas se subministra un codi \u00fanic al final del proc\u00e9s amb qu\u00e8 pots [&hellip;]<\/p>\n","protected":false},"author":1,"featured_media":0,"parent":0,"menu_order":20,"comment_status":"closed","ping_status":"closed","template":"","meta":{"_acf_changed":false,"footnotes":""},"class_list":["post-1706","page","type-page","status-publish","hentry"],"acf":[],"yoast_head":"<!-- This site is optimized with the Yoast SEO plugin v26.6 - https:\/\/yoast.com\/wordpress\/plugins\/seo\/ -->\n<title>Canal de den\u00fancies | Culler\u00e9 Sala Structures<\/title>\n<meta name=\"robots\" content=\"noindex, nofollow\" \/>\n<meta property=\"og:locale\" content=\"ca_ES\" \/>\n<meta property=\"og:type\" content=\"article\" \/>\n<meta property=\"og:title\" content=\"Canal de den\u00fancies | Culler\u00e9 Sala Structures\" \/>\n<meta property=\"og:description\" content=\"Aquest canal \u00e9s un servei d&#8217;acc\u00e9s p\u00fablic per denunciar irregularitats per qualsevol persona relacionada a la nostra organitzaci\u00f3, accions o omissions que puguin ser constitutives d&#8217;infracci\u00f3 penal o administrativa greu o molt greu. Si vols, pots interposar-la de manera an\u00f2nima. En aquest cas se subministra un codi \u00fanic al final del proc\u00e9s amb qu\u00e8 pots [&hellip;]\" \/>\n<meta property=\"og:url\" content=\"https:\/\/scs-structures.com\/ca\/canal-denuncies\/\" \/>\n<meta property=\"og:site_name\" content=\"Culler\u00e9 Sala Structures\" \/>\n<meta property=\"article:publisher\" content=\"https:\/\/www.facebook.com\/culleresala\" \/>\n<meta property=\"article:modified_time\" content=\"2023-12-21T09:13:43+00:00\" \/>\n<meta name=\"twitter:card\" content=\"summary_large_image\" \/>\n<meta name=\"twitter:site\" content=\"@CullereSala\" \/>\n<meta name=\"twitter:label1\" content=\"Temps estimat de lectura\" \/>\n\t<meta name=\"twitter:data1\" content=\"2 minuts\" \/>\n<script type=\"application\/ld+json\" class=\"yoast-schema-graph\">{\"@context\":\"https:\/\/schema.org\",\"@graph\":[{\"@type\":\"WebPage\",\"@id\":\"https:\/\/scs-structures.com\/ca\/canal-denuncies\/\",\"url\":\"https:\/\/scs-structures.com\/ca\/canal-denuncies\/\",\"name\":\"Canal de den\u00fancies | Culler\u00e9 Sala Structures\",\"isPartOf\":{\"@id\":\"http:\/\/scs-structures.com\/ca\/#website\"},\"datePublished\":\"2023-11-29T15:19:19+00:00\",\"dateModified\":\"2023-12-21T09:13:43+00:00\",\"breadcrumb\":{\"@id\":\"https:\/\/scs-structures.com\/ca\/canal-denuncies\/#breadcrumb\"},\"inLanguage\":\"ca\",\"potentialAction\":[{\"@type\":\"ReadAction\",\"target\":[\"https:\/\/scs-structures.com\/ca\/canal-denuncies\/\"]}]},{\"@type\":\"BreadcrumbList\",\"@id\":\"https:\/\/scs-structures.com\/ca\/canal-denuncies\/#breadcrumb\",\"itemListElement\":[{\"@type\":\"ListItem\",\"position\":1,\"name\":\"Portada\",\"item\":\"http:\/\/scs-structures.com\/ca\/\"},{\"@type\":\"ListItem\",\"position\":2,\"name\":\"Canal de den\u00fancies\"}]},{\"@type\":\"WebSite\",\"@id\":\"http:\/\/scs-structures.com\/ca\/#website\",\"url\":\"http:\/\/scs-structures.com\/ca\/\",\"name\":\"Culler\u00e9 Sala Structures\",\"description\":\"Estructuras met\u00e1licas, Cierres met\u00e1licos, Bigas armadas\",\"potentialAction\":[{\"@type\":\"SearchAction\",\"target\":{\"@type\":\"EntryPoint\",\"urlTemplate\":\"http:\/\/scs-structures.com\/ca\/?s={search_term_string}\"},\"query-input\":{\"@type\":\"PropertyValueSpecification\",\"valueRequired\":true,\"valueName\":\"search_term_string\"}}],\"inLanguage\":\"ca\"}]}<\/script>\n<!-- \/ Yoast SEO plugin. -->","yoast_head_json":{"title":"Canal de den\u00fancies | Culler\u00e9 Sala Structures","robots":{"index":"noindex","follow":"nofollow"},"og_locale":"ca_ES","og_type":"article","og_title":"Canal de den\u00fancies | Culler\u00e9 Sala Structures","og_description":"Aquest canal \u00e9s un servei d&#8217;acc\u00e9s p\u00fablic per denunciar irregularitats per qualsevol persona relacionada a la nostra organitzaci\u00f3, accions o omissions que puguin ser constitutives d&#8217;infracci\u00f3 penal o administrativa greu o molt greu. Si vols, pots interposar-la de manera an\u00f2nima. En aquest cas se subministra un codi \u00fanic al final del proc\u00e9s amb qu\u00e8 pots [&hellip;]","og_url":"https:\/\/scs-structures.com\/ca\/canal-denuncies\/","og_site_name":"Culler\u00e9 Sala Structures","article_publisher":"https:\/\/www.facebook.com\/culleresala","article_modified_time":"2023-12-21T09:13:43+00:00","twitter_card":"summary_large_image","twitter_site":"@CullereSala","twitter_misc":{"Temps estimat de lectura":"2 minuts"},"schema":{"@context":"https:\/\/schema.org","@graph":[{"@type":"WebPage","@id":"https:\/\/scs-structures.com\/ca\/canal-denuncies\/","url":"https:\/\/scs-structures.com\/ca\/canal-denuncies\/","name":"Canal de den\u00fancies | Culler\u00e9 Sala Structures","isPartOf":{"@id":"http:\/\/scs-structures.com\/ca\/#website"},"datePublished":"2023-11-29T15:19:19+00:00","dateModified":"2023-12-21T09:13:43+00:00","breadcrumb":{"@id":"https:\/\/scs-structures.com\/ca\/canal-denuncies\/#breadcrumb"},"inLanguage":"ca","potentialAction":[{"@type":"ReadAction","target":["https:\/\/scs-structures.com\/ca\/canal-denuncies\/"]}]},{"@type":"BreadcrumbList","@id":"https:\/\/scs-structures.com\/ca\/canal-denuncies\/#breadcrumb","itemListElement":[{"@type":"ListItem","position":1,"name":"Portada","item":"http:\/\/scs-structures.com\/ca\/"},{"@type":"ListItem","position":2,"name":"Canal de den\u00fancies"}]},{"@type":"WebSite","@id":"http:\/\/scs-structures.com\/ca\/#website","url":"http:\/\/scs-structures.com\/ca\/","name":"Culler\u00e9 Sala Structures","description":"Estructuras met\u00e1licas, Cierres met\u00e1licos, Bigas armadas","potentialAction":[{"@type":"SearchAction","target":{"@type":"EntryPoint","urlTemplate":"http:\/\/scs-structures.com\/ca\/?s={search_term_string}"},"query-input":{"@type":"PropertyValueSpecification","valueRequired":true,"valueName":"search_term_string"}}],"inLanguage":"ca"}]}},"_links":{"self":[{"href":"https:\/\/scs-structures.com\/ca\/wp-json\/wp\/v2\/pages\/1706","targetHints":{"allow":["GET"]}}],"collection":[{"href":"https:\/\/scs-structures.com\/ca\/wp-json\/wp\/v2\/pages"}],"about":[{"href":"https:\/\/scs-structures.com\/ca\/wp-json\/wp\/v2\/types\/page"}],"author":[{"embeddable":true,"href":"https:\/\/scs-structures.com\/ca\/wp-json\/wp\/v2\/users\/1"}],"replies":[{"embeddable":true,"href":"https:\/\/scs-structures.com\/ca\/wp-json\/wp\/v2\/comments?post=1706"}],"version-history":[{"count":16,"href":"https:\/\/scs-structures.com\/ca\/wp-json\/wp\/v2\/pages\/1706\/revisions"}],"predecessor-version":[{"id":1870,"href":"https:\/\/scs-structures.com\/ca\/wp-json\/wp\/v2\/pages\/1706\/revisions\/1870"}],"wp:attachment":[{"href":"https:\/\/scs-structures.com\/ca\/wp-json\/wp\/v2\/media?parent=1706"}],"curies":[{"name":"wp","href":"https:\/\/api.w.org\/{rel}","templated":true}]}}